{"id":1363,"date":"2025-10-20T16:27:41","date_gmt":"2025-10-20T14:27:41","guid":{"rendered":"https:\/\/anywhere.academy\/?page_id=1363"},"modified":"2025-12-10T15:17:35","modified_gmt":"2025-12-10T14:17:35","slug":"tills_lernwelten","status":"publish","type":"page","link":"https:\/\/anywhere.academy\/en\/tills_lernwelten\/","title":{"rendered":"Tills_Lernwelten"},"content":{"rendered":"<div data-elementor-type=\"wp-page\" data-elementor-id=\"1363\" class=\"elementor elementor-1363\" data-elementor-post-type=\"page\">\n\t\t\t\t<div class=\"elementor-element elementor-element-f5c106d e-flex e-con-boxed e-con e-parent\" data-id=\"f5c106d\" data-element_type=\"container\" data-settings=\"{&quot;jet_parallax_layout_list&quot;:[]}\">\n\t\t\t\t\t<div class=\"e-con-inner\">\n\t\t\t\t<div class=\"elementor-element elementor-element-280dcea eael_liquid_glass-effect1 eael_liquid_glass_shadow-effect1 elementor-widget elementor-widget-jet-listing-grid\" data-id=\"280dcea\" data-element_type=\"widget\" data-settings=\"{&quot;columns&quot;:&quot;2&quot;}\" data-widget_type=\"jet-listing-grid.default\">\n\t\t\t\t<div class=\"elementor-widget-container\">\n\t\t\t\t\t<div class=\"jet-listing-grid jet-listing\"><div class=\"jet-listing-grid__items grid-col-desk-2 grid-col-tablet-2 grid-col-mobile-2 jet-listing-grid--1370\" data-queried-id=\"1363|WP_Post\" data-nav=\"{&quot;enabled&quot;:false,&quot;type&quot;:null,&quot;more_el&quot;:null,&quot;query&quot;:[],&quot;widget_settings&quot;:{&quot;lisitng_id&quot;:1370,&quot;posts_num&quot;:10,&quot;columns&quot;:2,&quot;columns_tablet&quot;:2,&quot;columns_mobile&quot;:2,&quot;column_min_width&quot;:240,&quot;column_min_width_tablet&quot;:240,&quot;column_min_width_mobile&quot;:240,&quot;inline_columns_css&quot;:false,&quot;is_archive_template&quot;:&quot;&quot;,&quot;post_status&quot;:[&quot;publish&quot;],&quot;use_random_posts_num&quot;:&quot;&quot;,&quot;max_posts_num&quot;:9,&quot;not_found_message&quot;:&quot;No data was found&quot;,&quot;is_masonry&quot;:false,&quot;equal_columns_height&quot;:&quot;&quot;,&quot;use_load_more&quot;:&quot;&quot;,&quot;load_more_id&quot;:&quot;&quot;,&quot;load_more_type&quot;:&quot;click&quot;,&quot;load_more_offset&quot;:{&quot;unit&quot;:&quot;px&quot;,&quot;size&quot;:0,&quot;sizes&quot;:[]},&quot;use_custom_post_types&quot;:&quot;&quot;,&quot;custom_post_types&quot;:[],&quot;hide_widget_if&quot;:&quot;&quot;,&quot;carousel_enabled&quot;:&quot;&quot;,&quot;slides_to_scroll&quot;:&quot;1&quot;,&quot;arrows&quot;:&quot;true&quot;,&quot;arrow_icon&quot;:&quot;fa fa-angle-left&quot;,&quot;dots&quot;:&quot;&quot;,&quot;autoplay&quot;:&quot;true&quot;,&quot;pause_on_hover&quot;:&quot;true&quot;,&quot;autoplay_speed&quot;:5000,&quot;infinite&quot;:&quot;true&quot;,&quot;center_mode&quot;:&quot;&quot;,&quot;effect&quot;:&quot;slide&quot;,&quot;speed&quot;:500,&quot;inject_alternative_items&quot;:&quot;&quot;,&quot;injection_items&quot;:[],&quot;scroll_slider_enabled&quot;:&quot;&quot;,&quot;scroll_slider_on&quot;:[&quot;desktop&quot;,&quot;tablet&quot;,&quot;mobile&quot;],&quot;custom_query&quot;:false,&quot;custom_query_id&quot;:&quot;&quot;,&quot;_element_id&quot;:&quot;&quot;,&quot;collapse_first_last_gap&quot;:false,&quot;list_tag_selection&quot;:&quot;&quot;,&quot;list_items_wrapper_tag&quot;:&quot;div&quot;,&quot;list_item_tag&quot;:&quot;div&quot;,&quot;empty_items_wrapper_tag&quot;:&quot;div&quot;}}\" data-page=\"1\" data-pages=\"1\" data-listing-source=\"posts\" data-listing-id=\"1370\" data-query-id=\"\"><div class=\"jet-listing-grid__item jet-listing-dynamic-post-1434\" data-post-id=\"1434\"  ><style type=\"text\/css\">.jet-listing-dynamic-post-1434 .elementor-element.elementor-element-be0efa5:not(.elementor-motion-effects-element-type-background), .jet-listing-dynamic-post-1434 .elementor-element.elementor-element-be0efa5 > .elementor-motion-effects-container > .elementor-motion-effects-layer{background-image:url(\"https:\/\/anywhere.academy\/wp-content\/uploads\/2025\/10\/Render-scaled.jpg\");}<\/style><div class=\"jet-engine-listing-overlay-wrap\" data-url=\"https:\/\/anywhere.academy\/en\/lernwelten\/presentation-hall\/\">\t\t<div data-elementor-type=\"jet-listing-items\" data-elementor-id=\"1370\" class=\"elementor elementor-1370\" data-elementor-post-type=\"jet-engine\">\n\t\t\t\t<div class=\"elementor-element elementor-element-26238e8 e-flex e-con-boxed e-con e-parent\" data-id=\"26238e8\" data-element_type=\"container\" data-settings=\"{&quot;jet_parallax_layout_list&quot;:[]}\">\n\t\t\t\t\t<div class=\"e-con-inner\">\n\t\t<div class=\"elementor-element elementor-element-a54112d e-con-full e-flex e-con e-child\" data-id=\"a54112d\" data-element_type=\"container\" data-settings=\"{&quot;background_background&quot;:&quot;classic&quot;,&quot;jet_parallax_layout_list&quot;:[]}\">\n\t\t<div class=\"elementor-element elementor-element-be0efa5 e-con-full e-flex e-con e-child\" data-id=\"be0efa5\" data-element_type=\"container\" data-settings=\"{&quot;background_background&quot;:&quot;classic&quot;,&quot;jet_parallax_layout_list&quot;:[]}\">\n\t\t\t\t<div class=\"elementor-element elementor-element-b2dfeb0 elementor-widget elementor-widget-spacer\" data-id=\"b2dfeb0\" data-element_type=\"widget\" data-widget_type=\"spacer.default\">\n\t\t\t\t<div class=\"elementor-widget-container\">\n\t\t\t\t\t\t\t<div class=\"elementor-spacer\">\n\t\t\t<div class=\"elementor-spacer-inner\"><\/div>\n\t\t<\/div>\n\t\t\t\t\t\t<\/div>\n\t\t\t\t<\/div>\n\t\t<div class=\"elementor-element elementor-element-a8e2b69 e-con-full e-flex e-con e-child\" data-id=\"a8e2b69\" data-element_type=\"container\" data-settings=\"{&quot;jet_parallax_layout_list&quot;:[]}\">\n\t\t\t\t<div class=\"elementor-element elementor-element-a174a46 elementor-widget elementor-widget-heading\" data-id=\"a174a46\" data-element_type=\"widget\" data-widget_type=\"heading.default\">\n\t\t\t\t<div class=\"elementor-widget-container\">\n\t\t\t\t\t<h2 class=\"elementor-heading-title elementor-size-default\">Social VR<\/h2>\t\t\t\t<\/div>\n\t\t\t\t<\/div>\n\t\t\t\t<\/div>\n\t\t\t\t<\/div>\n\t\t<div class=\"elementor-element elementor-element-a35d87a e-con-full e-flex e-con e-child\" data-id=\"a35d87a\" data-element_type=\"container\" data-settings=\"{&quot;jet_parallax_layout_list&quot;:[]}\">\n\t\t\t\t<div class=\"elementor-element elementor-element-caba4f0 elementor-icon-list--layout-inline elementor-list-item-link-full_width elementor-widget elementor-widget-icon-list\" data-id=\"caba4f0\" data-element_type=\"widget\" data-widget_type=\"icon-list.default\">\n\t\t\t\t<div class=\"elementor-widget-container\">\n\t\t\t\t\t\t\t<ul class=\"elementor-icon-list-items elementor-inline-items\">\n\t\t\t\t\t\t\t<li class=\"elementor-icon-list-item elementor-inline-item\">\n\t\t\t\t\t\t\t\t\t\t\t<span class=\"elementor-icon-list-icon\">\n\t\t\t\t\t\t\t<svg aria-hidden=\"true\" class=\"e-font-icon-svg e-fas-user-tie\" viewbox=\"0 0 448 512\" xmlns=\"http:\/\/www.w3.org\/2000\/svg\"><path d=\"M224 256c70.7 0 128-57.3 128-128S294.7 0 224 0 96 57.3 96 128s57.3 128 128 128zm95.8 32.6L272 480l-32-136 32-56h-96l32 56-32 136-47.8-191.4C56.9 292 0 350.3 0 422.4V464c0 26.5 21.5 48 48 48h352c26.5 0 48-21.5 48-48v-41.6c0-72.1-56.9-130.4-128.2-133.8z\"><\/path><\/svg>\t\t\t\t\t\t<\/span>\n\t\t\t\t\t\t\t\t\t\t<span class=\"elementor-icon-list-text\">LFI, RWTH<\/span>\n\t\t\t\t\t\t\t\t\t<\/li>\n\t\t\t\t\t\t\t\t<li class=\"elementor-icon-list-item elementor-inline-item\">\n\t\t\t\t\t\t\t\t\t\t\t<span class=\"elementor-icon-list-icon\">\n\t\t\t\t\t\t\t<svg aria-hidden=\"true\" class=\"e-font-icon-svg e-fas-calendar-alt\" viewbox=\"0 0 448 512\" xmlns=\"http:\/\/www.w3.org\/2000\/svg\"><path d=\"M0 464c0 26.5 21.5 48 48 48h352c26.5 0 48-21.5 48-48V192H0v272zm320-196c0-6.6 5.4-12 12-12h40c6.6 0 12 5.4 12 12v40c0 6.6-5.4 12-12 12h-40c-6.6 0-12-5.4-12-12v-40zm0 128c0-6.6 5.4-12 12-12h40c6.6 0 12 5.4 12 12v40c0 6.6-5.4 12-12 12h-40c-6.6 0-12-5.4-12-12v-40zM192 268c0-6.6 5.4-12 12-12h40c6.6 0 12 5.4 12 12v40c0 6.6-5.4 12-12 12h-40c-6.6 0-12-5.4-12-12v-40zm0 128c0-6.6 5.4-12 12-12h40c6.6 0 12 5.4 12 12v40c0 6.6-5.4 12-12 12h-40c-6.6 0-12-5.4-12-12v-40zM64 268c0-6.6 5.4-12 12-12h40c6.6 0 12 5.4 12 12v40c0 6.6-5.4 12-12 12H76c-6.6 0-12-5.4-12-12v-40zm0 128c0-6.6 5.4-12 12-12h40c6.6 0 12 5.4 12 12v40c0 6.6-5.4 12-12 12H76c-6.6 0-12-5.4-12-12v-40zM400 64h-48V16c0-8.8-7.2-16-16-16h-32c-8.8 0-16 7.2-16 16v48H160V16c0-8.8-7.2-16-16-16h-32c-8.8 0-16 7.2-16 16v48H48C21.5 64 0 85.5 0 112v48h448v-48c0-26.5-21.5-48-48-48z\"><\/path><\/svg>\t\t\t\t\t\t<\/span>\n\t\t\t\t\t\t\t\t\t\t<span class=\"elementor-icon-list-text\">2025-10-08<\/span>\n\t\t\t\t\t\t\t\t\t<\/li>\n\t\t\t\t\t\t<\/ul>\n\t\t\t\t\t\t<\/div>\n\t\t\t\t<\/div>\n\t\t\t\t<div class=\"elementor-element elementor-element-dae339d jkit-equal-height-disable elementor-widget elementor-widget-jkit_icon_box\" data-id=\"dae339d\" data-element_type=\"widget\" data-widget_type=\"jkit_icon_box.default\">\n\t\t\t\t<div class=\"elementor-widget-container\">\n\t\t\t\t\t<div  class=\"jeg-elementor-kit jkit-icon-box icon-position-top elementor-animation- jeg_module_1434__69f2aa41b5d4d\" ><div class=\"jkit-icon-box-wrapper hover-from-left\"><div class=\"icon-box icon-box-body\">\n                <h2 class=\"title\">Presentation Hall<\/h2><p class=\"icon-box-description\">Die Pr\u00e4sentation Hall bietet Studierenden die M\u00f6glichkeit, ihre Kommunikations- und Pr\u00e4sentationsf\u00e4higkeiten durch virtuelle Rollenspiele und vielf\u00e4ltige Pr\u00e4sentationsm\u00f6glichkeiten zu verbessern. Ob formelles Auditorium oder lockerer Pr\u00e4sentationsbereich - hier k\u00f6nnen Studierende ihre F\u00e4higkeiten in einer sicheren und unterst\u00fctzenden Umgebung entfalten.<\/p><div class=\"icon-box-button\">\n                <div class=\"btn-wrapper icon-position-before\">\n                    <a href=\"https:\/\/anywhere.academy\/en\/lernwelten\/presentation-hall\/\" class=\"icon-box-link\" aria-label=\"Learn More\">Learn More<\/a>\n                <\/div>\n            <\/div>\n            <\/div>\n            <div class=\"icon-box-badge custom\">\n                <span class=\"badge-text\">Verf\u00fcgbar im Browser: Ja<\/span>\n            <\/div>\n            <\/div><\/div>\t\t\t\t<\/div>\n\t\t\t\t<\/div>\n\t\t\t\t<\/div>\n\t\t\t\t<\/div>\n\t\t\t\t\t<\/div>\n\t\t\t\t<\/div>\n\t\t\t\t<\/div>\n\t\t<a href=\"https:\/\/anywhere.academy\/en\/lernwelten\/presentation-hall\/\" class=\"jet-engine-listing-overlay-link\"><\/a><\/div><\/div><div class=\"jet-listing-grid__item jet-listing-dynamic-post-1369\" data-post-id=\"1369\"  ><style type=\"text\/css\">.jet-listing-dynamic-post-1369 .elementor-element.elementor-element-be0efa5:not(.elementor-motion-effects-element-type-background), .jet-listing-dynamic-post-1369 .elementor-element.elementor-element-be0efa5 > .elementor-motion-effects-container > .elementor-motion-effects-layer{background-image:url(\"https:\/\/anywhere.academy\/wp-content\/uploads\/2025\/03\/Meetingroom2.jpg\");}<\/style><div class=\"jet-engine-listing-overlay-wrap\" data-url=\"https:\/\/anywhere.academy\/en\/lernwelten\/conference_room\/\">\t\t<div data-elementor-type=\"jet-listing-items\" data-elementor-id=\"1370\" class=\"elementor elementor-1370\" data-elementor-post-type=\"jet-engine\">\n\t\t\t\t<div class=\"elementor-element elementor-element-26238e8 e-flex e-con-boxed e-con e-parent\" data-id=\"26238e8\" data-element_type=\"container\" data-settings=\"{&quot;jet_parallax_layout_list&quot;:[]}\">\n\t\t\t\t\t<div class=\"e-con-inner\">\n\t\t<div class=\"elementor-element elementor-element-a54112d e-con-full e-flex e-con e-child\" data-id=\"a54112d\" data-element_type=\"container\" data-settings=\"{&quot;background_background&quot;:&quot;classic&quot;,&quot;jet_parallax_layout_list&quot;:[]}\">\n\t\t<div class=\"elementor-element elementor-element-be0efa5 e-con-full e-flex e-con e-child\" data-id=\"be0efa5\" data-element_type=\"container\" data-settings=\"{&quot;background_background&quot;:&quot;classic&quot;,&quot;jet_parallax_layout_list&quot;:[]}\">\n\t\t\t\t<div class=\"elementor-element elementor-element-b2dfeb0 elementor-widget elementor-widget-spacer\" data-id=\"b2dfeb0\" data-element_type=\"widget\" data-widget_type=\"spacer.default\">\n\t\t\t\t<div class=\"elementor-widget-container\">\n\t\t\t\t\t\t\t<div class=\"elementor-spacer\">\n\t\t\t<div class=\"elementor-spacer-inner\"><\/div>\n\t\t<\/div>\n\t\t\t\t\t\t<\/div>\n\t\t\t\t<\/div>\n\t\t<div class=\"elementor-element elementor-element-a8e2b69 e-con-full e-flex e-con e-child\" data-id=\"a8e2b69\" data-element_type=\"container\" data-settings=\"{&quot;jet_parallax_layout_list&quot;:[]}\">\n\t\t\t\t<div class=\"elementor-element elementor-element-a174a46 elementor-widget elementor-widget-heading\" data-id=\"a174a46\" data-element_type=\"widget\" data-widget_type=\"heading.default\">\n\t\t\t\t<div class=\"elementor-widget-container\">\n\t\t\t\t\t<h2 class=\"elementor-heading-title elementor-size-default\">Soft-Skills<\/h2>\t\t\t\t<\/div>\n\t\t\t\t<\/div>\n\t\t\t\t<\/div>\n\t\t\t\t<\/div>\n\t\t<div class=\"elementor-element elementor-element-a35d87a e-con-full e-flex e-con e-child\" data-id=\"a35d87a\" data-element_type=\"container\" data-settings=\"{&quot;jet_parallax_layout_list&quot;:[]}\">\n\t\t\t\t<div class=\"elementor-element elementor-element-caba4f0 elementor-icon-list--layout-inline elementor-list-item-link-full_width elementor-widget elementor-widget-icon-list\" data-id=\"caba4f0\" data-element_type=\"widget\" data-widget_type=\"icon-list.default\">\n\t\t\t\t<div class=\"elementor-widget-container\">\n\t\t\t\t\t\t\t<ul class=\"elementor-icon-list-items elementor-inline-items\">\n\t\t\t\t\t\t\t<li class=\"elementor-icon-list-item elementor-inline-item\">\n\t\t\t\t\t\t\t\t\t\t\t<span class=\"elementor-icon-list-icon\">\n\t\t\t\t\t\t\t<svg aria-hidden=\"true\" class=\"e-font-icon-svg e-fas-user-tie\" viewbox=\"0 0 448 512\" xmlns=\"http:\/\/www.w3.org\/2000\/svg\"><path d=\"M224 256c70.7 0 128-57.3 128-128S294.7 0 224 0 96 57.3 96 128s57.3 128 128 128zm95.8 32.6L272 480l-32-136 32-56h-96l32 56-32 136-47.8-191.4C56.9 292 0 350.3 0 422.4V464c0 26.5 21.5 48 48 48h352c26.5 0 48-21.5 48-48v-41.6c0-72.1-56.9-130.4-128.2-133.8z\"><\/path><\/svg>\t\t\t\t\t\t<\/span>\n\t\t\t\t\t\t\t\t\t\t<span class=\"elementor-icon-list-text\">LFI, RWTH<\/span>\n\t\t\t\t\t\t\t\t\t<\/li>\n\t\t\t\t\t\t\t\t<li class=\"elementor-icon-list-item elementor-inline-item\">\n\t\t\t\t\t\t\t\t\t\t\t<span class=\"elementor-icon-list-icon\">\n\t\t\t\t\t\t\t<svg aria-hidden=\"true\" class=\"e-font-icon-svg e-fas-calendar-alt\" viewbox=\"0 0 448 512\" xmlns=\"http:\/\/www.w3.org\/2000\/svg\"><path d=\"M0 464c0 26.5 21.5 48 48 48h352c26.5 0 48-21.5 48-48V192H0v272zm320-196c0-6.6 5.4-12 12-12h40c6.6 0 12 5.4 12 12v40c0 6.6-5.4 12-12 12h-40c-6.6 0-12-5.4-12-12v-40zm0 128c0-6.6 5.4-12 12-12h40c6.6 0 12 5.4 12 12v40c0 6.6-5.4 12-12 12h-40c-6.6 0-12-5.4-12-12v-40zM192 268c0-6.6 5.4-12 12-12h40c6.6 0 12 5.4 12 12v40c0 6.6-5.4 12-12 12h-40c-6.6 0-12-5.4-12-12v-40zm0 128c0-6.6 5.4-12 12-12h40c6.6 0 12 5.4 12 12v40c0 6.6-5.4 12-12 12h-40c-6.6 0-12-5.4-12-12v-40zM64 268c0-6.6 5.4-12 12-12h40c6.6 0 12 5.4 12 12v40c0 6.6-5.4 12-12 12H76c-6.6 0-12-5.4-12-12v-40zm0 128c0-6.6 5.4-12 12-12h40c6.6 0 12 5.4 12 12v40c0 6.6-5.4 12-12 12H76c-6.6 0-12-5.4-12-12v-40zM400 64h-48V16c0-8.8-7.2-16-16-16h-32c-8.8 0-16 7.2-16 16v48H160V16c0-8.8-7.2-16-16-16h-32c-8.8 0-16 7.2-16 16v48H48C21.5 64 0 85.5 0 112v48h448v-48c0-26.5-21.5-48-48-48z\"><\/path><\/svg>\t\t\t\t\t\t<\/span>\n\t\t\t\t\t\t\t\t\t\t<span class=\"elementor-icon-list-text\">2025-10-17<\/span>\n\t\t\t\t\t\t\t\t\t<\/li>\n\t\t\t\t\t\t<\/ul>\n\t\t\t\t\t\t<\/div>\n\t\t\t\t<\/div>\n\t\t\t\t<div class=\"elementor-element elementor-element-dae339d jkit-equal-height-disable elementor-widget elementor-widget-jkit_icon_box\" data-id=\"dae339d\" data-element_type=\"widget\" data-widget_type=\"jkit_icon_box.default\">\n\t\t\t\t<div class=\"elementor-widget-container\">\n\t\t\t\t\t<div  class=\"jeg-elementor-kit jkit-icon-box icon-position-top elementor-animation- jeg_module_1434_1_69f2aa41c94b9\" ><div class=\"jkit-icon-box-wrapper hover-from-left\"><div class=\"icon-box icon-box-body\">\n                <h2 class=\"title\">Conference Room<\/h2><p class=\"icon-box-description\">Hier k\u00f6nnen Lehrende und Studierende sich treffen und gemeinsam diskutieren, Browserinhalte teilen und gemeinsam mit diversen Produktivit\u00e4tswerkzeugen arbeiten. In der gem\u00fctlichen Hangout Zone, k\u00f6nnen sich Nutzende mit der Umgebung vertraut machen. Die eigentliche Arbeit kann im virtuellen Workspace begonnen werden.<\/p><div class=\"icon-box-button\">\n                <div class=\"btn-wrapper icon-position-before\">\n                    <a href=\"https:\/\/anywhere.academy\/en\/lernwelten\/conference_room\/\" class=\"icon-box-link\" aria-label=\"Learn More\">Learn More<\/a>\n                <\/div>\n            <\/div>\n            <\/div>\n            <div class=\"icon-box-badge custom\">\n                <span class=\"badge-text\">Verf\u00fcgbar im Browser: Ja<\/span>\n            <\/div>\n            <\/div><\/div>\t\t\t\t<\/div>\n\t\t\t\t<\/div>\n\t\t\t\t<\/div>\n\t\t\t\t<\/div>\n\t\t\t\t\t<\/div>\n\t\t\t\t<\/div>\n\t\t\t\t<\/div>\n\t\t<a href=\"https:\/\/anywhere.academy\/en\/lernwelten\/conference_room\/\" class=\"jet-engine-listing-overlay-link\"><\/a><\/div><\/div><\/div><\/div>\t\t\t\t<\/div>\n\t\t\t\t<\/div>\n\t\t\t\t\t<\/div>\n\t\t\t\t<\/div>\n\t\t\t\t<\/div>","protected":false},"excerpt":{"rendered":"<p>read Read More read Read More<\/p>","protected":false},"author":9,"featured_media":0,"parent":0,"menu_order":0,"comment_status":"closed","ping_status":"closed","template":"","meta":{"footnotes":""},"class_list":["post-1363","page","type-page","status-publish","hentry"],"yoast_head":"<!-- This site is optimized with the Yoast SEO plugin v27.5 - https:\/\/yoast.com\/product\/yoast-seo-wordpress\/ -->\n<title>Tills_Lernwelten - Anywhere Academy<\/title>\n<meta name=\"robots\" content=\"index, follow, max-snippet:-1, max-image-preview:large, max-video-preview:-1\" \/>\n<link rel=\"canonical\" href=\"https:\/\/anywhere.academy\/en\/tills_lernwelten\/\" \/>\n<meta property=\"og:locale\" content=\"en_GB\" \/>\n<meta property=\"og:type\" content=\"article\" \/>\n<meta property=\"og:title\" content=\"Tills_Lernwelten - Anywhere Academy\" \/>\n<meta property=\"og:description\" content=\"read Read More read Read More\" \/>\n<meta property=\"og:url\" content=\"https:\/\/anywhere.academy\/en\/tills_lernwelten\/\" \/>\n<meta property=\"og:site_name\" content=\"Anywhere Academy\" \/>\n<meta property=\"article:modified_time\" content=\"2025-12-10T14:17:35+00:00\" \/>\n<meta name=\"twitter:card\" content=\"summary_large_image\" \/>\n<meta name=\"twitter:label1\" content=\"Estimated reading time\" \/>\n\t<meta name=\"twitter:data1\" content=\"2 minutes\" \/>\n<script type=\"application\/ld+json\" class=\"yoast-schema-graph\">{\"@context\":\"https:\\\/\\\/schema.org\",\"@graph\":[{\"@type\":\"WebPage\",\"@id\":\"https:\\\/\\\/anywhere.academy\\\/tills_lernwelten\\\/\",\"url\":\"https:\\\/\\\/anywhere.academy\\\/tills_lernwelten\\\/\",\"name\":\"Tills_Lernwelten - Anywhere Academy\",\"isPartOf\":{\"@id\":\"https:\\\/\\\/anywhere.academy\\\/#website\"},\"datePublished\":\"2025-10-20T14:27:41+00:00\",\"dateModified\":\"2025-12-10T14:17:35+00:00\",\"breadcrumb\":{\"@id\":\"https:\\\/\\\/anywhere.academy\\\/tills_lernwelten\\\/#breadcrumb\"},\"inLanguage\":\"en-GB\",\"potentialAction\":[{\"@type\":\"ReadAction\",\"target\":[\"https:\\\/\\\/anywhere.academy\\\/tills_lernwelten\\\/\"]}]},{\"@type\":\"BreadcrumbList\",\"@id\":\"https:\\\/\\\/anywhere.academy\\\/tills_lernwelten\\\/#breadcrumb\",\"itemListElement\":[{\"@type\":\"ListItem\",\"position\":1,\"name\":\"Startseite\",\"item\":\"https:\\\/\\\/anywhere.academy\\\/\"},{\"@type\":\"ListItem\",\"position\":2,\"name\":\"Tills_Lernwelten\"}]},{\"@type\":\"WebSite\",\"@id\":\"https:\\\/\\\/anywhere.academy\\\/#website\",\"url\":\"https:\\\/\\\/anywhere.academy\\\/\",\"name\":\"Anywhere Academy\",\"description\":\"Avatar-Based Teaching and Learning in VR\",\"publisher\":{\"@id\":\"https:\\\/\\\/anywhere.academy\\\/#organization\"},\"potentialAction\":[{\"@type\":\"SearchAction\",\"target\":{\"@type\":\"EntryPoint\",\"urlTemplate\":\"https:\\\/\\\/anywhere.academy\\\/?s={search_term_string}\"},\"query-input\":{\"@type\":\"PropertyValueSpecification\",\"valueRequired\":true,\"valueName\":\"search_term_string\"}}],\"inLanguage\":\"en-GB\"},{\"@type\":\"Organization\",\"@id\":\"https:\\\/\\\/anywhere.academy\\\/#organization\",\"name\":\"Anywhere Academy\",\"url\":\"https:\\\/\\\/anywhere.academy\\\/\",\"logo\":{\"@type\":\"ImageObject\",\"inLanguage\":\"en-GB\",\"@id\":\"https:\\\/\\\/anywhere.academy\\\/#\\\/schema\\\/logo\\\/image\\\/\",\"url\":\"https:\\\/\\\/anywhere.academy\\\/wp-content\\\/uploads\\\/2025\\\/02\\\/AA-Logo-And-Name-Horizontal-Colour.svg\",\"contentUrl\":\"https:\\\/\\\/anywhere.academy\\\/wp-content\\\/uploads\\\/2025\\\/02\\\/AA-Logo-And-Name-Horizontal-Colour.svg\",\"width\":6051,\"height\":1907,\"caption\":\"Anywhere Academy\"},\"image\":{\"@id\":\"https:\\\/\\\/anywhere.academy\\\/#\\\/schema\\\/logo\\\/image\\\/\"},\"sameAs\":[\"https:\\\/\\\/www.instagram.com\\\/hydrology_rwth\\\/\"]}]}<\/script>\n<!-- \/ Yoast SEO plugin. -->","yoast_head_json":{"title":"Tills_Lernwelten - Anywhere Academy","robots":{"index":"index","follow":"follow","max-snippet":"max-snippet:-1","max-image-preview":"max-image-preview:large","max-video-preview":"max-video-preview:-1"},"canonical":"https:\/\/anywhere.academy\/en\/tills_lernwelten\/","og_locale":"en_GB","og_type":"article","og_title":"Tills_Lernwelten - Anywhere Academy","og_description":"read Read More read Read More","og_url":"https:\/\/anywhere.academy\/en\/tills_lernwelten\/","og_site_name":"Anywhere Academy","article_modified_time":"2025-12-10T14:17:35+00:00","twitter_card":"summary_large_image","twitter_misc":{"Estimated reading time":"2 minutes"},"schema":{"@context":"https:\/\/schema.org","@graph":[{"@type":"WebPage","@id":"https:\/\/anywhere.academy\/tills_lernwelten\/","url":"https:\/\/anywhere.academy\/tills_lernwelten\/","name":"Tills_Lernwelten - Anywhere Academy","isPartOf":{"@id":"https:\/\/anywhere.academy\/#website"},"datePublished":"2025-10-20T14:27:41+00:00","dateModified":"2025-12-10T14:17:35+00:00","breadcrumb":{"@id":"https:\/\/anywhere.academy\/tills_lernwelten\/#breadcrumb"},"inLanguage":"en-GB","potentialAction":[{"@type":"ReadAction","target":["https:\/\/anywhere.academy\/tills_lernwelten\/"]}]},{"@type":"BreadcrumbList","@id":"https:\/\/anywhere.academy\/tills_lernwelten\/#breadcrumb","itemListElement":[{"@type":"ListItem","position":1,"name":"Startseite","item":"https:\/\/anywhere.academy\/"},{"@type":"ListItem","position":2,"name":"Tills_Lernwelten"}]},{"@type":"WebSite","@id":"https:\/\/anywhere.academy\/#website","url":"https:\/\/anywhere.academy\/","name":"Anywhere Academy","description":"Avatar-Based Teaching and Learning in VR","publisher":{"@id":"https:\/\/anywhere.academy\/#organization"},"potentialAction":[{"@type":"SearchAction","target":{"@type":"EntryPoint","urlTemplate":"https:\/\/anywhere.academy\/?s={search_term_string}"},"query-input":{"@type":"PropertyValueSpecification","valueRequired":true,"valueName":"search_term_string"}}],"inLanguage":"en-GB"},{"@type":"Organization","@id":"https:\/\/anywhere.academy\/#organization","name":"Anywhere Academy","url":"https:\/\/anywhere.academy\/","logo":{"@type":"ImageObject","inLanguage":"en-GB","@id":"https:\/\/anywhere.academy\/#\/schema\/logo\/image\/","url":"https:\/\/anywhere.academy\/wp-content\/uploads\/2025\/02\/AA-Logo-And-Name-Horizontal-Colour.svg","contentUrl":"https:\/\/anywhere.academy\/wp-content\/uploads\/2025\/02\/AA-Logo-And-Name-Horizontal-Colour.svg","width":6051,"height":1907,"caption":"Anywhere Academy"},"image":{"@id":"https:\/\/anywhere.academy\/#\/schema\/logo\/image\/"},"sameAs":["https:\/\/www.instagram.com\/hydrology_rwth\/"]}]}},"_links":{"self":[{"href":"https:\/\/anywhere.academy\/en\/wp-json\/wp\/v2\/pages\/1363","targetHints":{"allow":["GET"]}}],"collection":[{"href":"https:\/\/anywhere.academy\/en\/wp-json\/wp\/v2\/pages"}],"about":[{"href":"https:\/\/anywhere.academy\/en\/wp-json\/wp\/v2\/types\/page"}],"author":[{"embeddable":true,"href":"https:\/\/anywhere.academy\/en\/wp-json\/wp\/v2\/users\/9"}],"replies":[{"embeddable":true,"href":"https:\/\/anywhere.academy\/en\/wp-json\/wp\/v2\/comments?post=1363"}],"version-history":[{"count":21,"href":"https:\/\/anywhere.academy\/en\/wp-json\/wp\/v2\/pages\/1363\/revisions"}],"predecessor-version":[{"id":2060,"href":"https:\/\/anywhere.academy\/en\/wp-json\/wp\/v2\/pages\/1363\/revisions\/2060"}],"wp:attachment":[{"href":"https:\/\/anywhere.academy\/en\/wp-json\/wp\/v2\/media?parent=1363"}],"curies":[{"name":"wp","href":"https:\/\/api.w.org\/{rel}","templated":true}]}}