{"id":313,"date":"2025-02-26T09:45:27","date_gmt":"2025-02-26T08:45:27","guid":{"rendered":"https:\/\/anywhere.academy\/?page_id=313"},"modified":"2025-03-25T13:03:21","modified_gmt":"2025-03-25T12:03:21","slug":"coming-soon","status":"publish","type":"page","link":"https:\/\/anywhere.academy\/en\/coming-soon\/","title":{"rendered":"Coming Soon"},"content":{"rendered":"<div data-elementor-type=\"wp-page\" data-elementor-id=\"313\" class=\"elementor elementor-313\" data-elementor-post-type=\"page\">\n\t\t\t\t<div class=\"elementor-element elementor-element-7959bddc e-flex e-con-boxed e-con e-parent\" data-id=\"7959bddc\" data-element_type=\"container\" data-settings=\"{&quot;jet_parallax_layout_list&quot;:[]}\">\n\t\t\t\t\t<div class=\"e-con-inner\">\n\t\t<div class=\"elementor-element elementor-element-785a4476 e-con-full e-flex e-con e-child\" data-id=\"785a4476\" data-element_type=\"container\" data-settings=\"{&quot;jet_parallax_layout_list&quot;:[]}\">\n\t\t\t\t<div class=\"elementor-element elementor-element-6677ab1e elementor-widget elementor-widget-heading\" data-id=\"6677ab1e\" data-element_type=\"widget\" data-widget_type=\"heading.default\">\n\t\t\t\t<div class=\"elementor-widget-container\">\n\t\t\t\t\t<h2 class=\"elementor-heading-title elementor-size-default\">Kommt bald!<\/h2>\t\t\t\t<\/div>\n\t\t\t\t<\/div>\n\t\t\t\t<\/div>\n\t\t\t\t\t<\/div>\n\t\t\t\t<\/div>\n\t\t<div class=\"elementor-element elementor-element-45a3ea26 e-flex e-con-boxed e-con e-parent\" data-id=\"45a3ea26\" data-element_type=\"container\" data-settings=\"{&quot;jet_parallax_layout_list&quot;:[]}\">\n\t\t\t\t\t<div class=\"e-con-inner\">\n\t\t<div class=\"elementor-element elementor-element-18143973 e-con-full e-flex e-con e-child\" data-id=\"18143973\" data-element_type=\"container\" data-settings=\"{&quot;jet_parallax_layout_list&quot;:[]}\">\n\t\t\t\t<div class=\"elementor-element elementor-element-7373822 elementor-widget elementor-widget-image\" data-id=\"7373822\" data-element_type=\"widget\" data-widget_type=\"image.default\">\n\t\t\t\t<div class=\"elementor-widget-container\">\n\t\t\t\t\t\t\t\t\t\t\t\t\t\t\t<img fetchpriority=\"high\" decoding=\"async\" width=\"1177\" height=\"724\" src=\"https:\/\/anywhere.academy\/wp-content\/uploads\/2025\/03\/undraw_under-construction_c2y1-1.svg\" class=\"attachment-full size-full wp-image-780\" alt=\"\" \/>\t\t\t\t\t\t\t\t\t\t\t\t\t\t\t<\/div>\n\t\t\t\t<\/div>\n\t\t\t\t<\/div>\n\t\t<div class=\"elementor-element elementor-element-19114784 e-flex e-con-boxed e-con e-child\" data-id=\"19114784\" data-element_type=\"container\" data-settings=\"{&quot;jet_parallax_layout_list&quot;:[]}\">\n\t\t\t\t\t<div class=\"e-con-inner\">\n\t\t<div class=\"elementor-element elementor-element-758e2bc0 e-con-full e-flex e-con e-child\" data-id=\"758e2bc0\" data-element_type=\"container\" data-settings=\"{&quot;jet_parallax_layout_list&quot;:[]}\">\n\t\t\t\t<div class=\"elementor-element elementor-element-7f4ae4ab elementor-widget elementor-widget-text-editor\" data-id=\"7f4ae4ab\" data-element_type=\"widget\" data-widget_type=\"text-editor.default\">\n\t\t\t\t<div class=\"elementor-widget-container\">\n\t\t\t\t\t\t\t\t\t<p><strong>Au Banan!<\/strong> Sie haben eine Seite gefunden, die wir noch nicht mit Inhalt f\u00fcllen konnten. Daf\u00fcr entschuldigen wir uns und versichern Ihnen, dass wir das schleunigst \u00e4ndern wollen.<\/p><p>Schreiben Sie uns doch, wenn Sie m\u00f6chten. Wir geben Ihnen gerne Auskunft und werden gleichzeitig daran erinnert, dass diese Seite noch dringend mit Inhalten versehen werden muss.<\/p>\t\t\t\t\t\t\t\t<\/div>\n\t\t\t\t<\/div>\n\t\t\t\t<\/div>\n\t\t\t\t\t<\/div>\n\t\t\t\t<\/div>\n\t\t<div class=\"elementor-element elementor-element-07e093f e-flex e-con-boxed e-con e-child\" data-id=\"07e093f\" data-element_type=\"container\" data-settings=\"{&quot;jet_parallax_layout_list&quot;:[]}\">\n\t\t\t\t\t<div class=\"e-con-inner\">\n\t\t\t\t<div class=\"elementor-element elementor-element-66b2f1c elementor-widget elementor-widget-button\" data-id=\"66b2f1c\" data-element_type=\"widget\" data-widget_type=\"button.default\">\n\t\t\t\t<div class=\"elementor-widget-container\">\n\t\t\t\t\t\t\t\t\t<div class=\"elementor-button-wrapper\">\n\t\t\t\t\t<a class=\"elementor-button elementor-button-link elementor-size-sm\" href=\"https:\/\/anywhere.academy\/en\/\">\n\t\t\t\t\t\t<span class=\"elementor-button-content-wrapper\">\n\t\t\t\t\t\t\t\t\t<span class=\"elementor-button-text\">Home<\/span>\n\t\t\t\t\t<\/span>\n\t\t\t\t\t<\/a>\n\t\t\t\t<\/div>\n\t\t\t\t\t\t\t\t<\/div>\n\t\t\t\t<\/div>\n\t\t\t\t<div class=\"elementor-element elementor-element-ab4450c elementor-widget elementor-widget-button\" data-id=\"ab4450c\" data-element_type=\"widget\" data-widget_type=\"button.default\">\n\t\t\t\t<div class=\"elementor-widget-container\">\n\t\t\t\t\t\t\t\t\t<div class=\"elementor-button-wrapper\">\n\t\t\t\t\t<a class=\"elementor-button elementor-button-link elementor-size-sm\" href=\"mailto:vr@lfi.rwth-aachen.de\">\n\t\t\t\t\t\t<span class=\"elementor-button-content-wrapper\">\n\t\t\t\t\t\t<span class=\"elementor-button-icon\">\n\t\t\t\t<i aria-hidden=\"true\" class=\"jki jki-email1-light\"><\/i>\t\t\t<\/span>\n\t\t\t\t\t\t\t\t\t<span class=\"elementor-button-text\">E-Mail schreiben<\/span>\n\t\t\t\t\t<\/span>\n\t\t\t\t\t<\/a>\n\t\t\t\t<\/div>\n\t\t\t\t\t\t\t\t<\/div>\n\t\t\t\t<\/div>\n\t\t\t\t\t<\/div>\n\t\t\t\t<\/div>\n\t\t\t\t\t<\/div>\n\t\t\t\t<\/div>\n\t\t\t\t<\/div>","protected":false},"excerpt":{"rendered":"<p>Kommt bald! Au Banan! Sie haben eine Seite gefunden, die wir noch nicht mit Inhalt f\u00fcllen konnten. Daf\u00fcr entschuldigen wir uns und versichern Ihnen, dass wir das schleunigst \u00e4ndern wollen. Schreiben Sie uns doch, wenn Sie m\u00f6chten. Wir geben Ihnen gerne Auskunft und werden gleichzeitig daran erinnert, dass diese Seite noch dringend mit Inhalten versehen [&hellip;]<\/p>","protected":false},"author":1,"featured_media":0,"parent":0,"menu_order":0,"comment_status":"closed","ping_status":"closed","template":"","meta":{"footnotes":""},"class_list":["post-313","page","type-page","status-publish","hentry"],"yoast_head":"<!-- This site is optimized with the Yoast SEO plugin v27.5 - https:\/\/yoast.com\/product\/yoast-seo-wordpress\/ -->\n<title>Coming Soon - Anywhere Academy<\/title>\n<meta name=\"robots\" content=\"index, follow, max-snippet:-1, max-image-preview:large, max-video-preview:-1\" \/>\n<link rel=\"canonical\" href=\"https:\/\/anywhere.academy\/en\/coming-soon\/\" \/>\n<meta property=\"og:locale\" content=\"en_GB\" \/>\n<meta property=\"og:type\" content=\"article\" \/>\n<meta property=\"og:title\" content=\"Coming Soon - Anywhere Academy\" \/>\n<meta property=\"og:description\" content=\"Kommt bald! Au Banan! Sie haben eine Seite gefunden, die wir noch nicht mit Inhalt f\u00fcllen konnten. Daf\u00fcr entschuldigen wir uns und versichern Ihnen, dass wir das schleunigst \u00e4ndern wollen. Schreiben Sie uns doch, wenn Sie m\u00f6chten. Wir geben Ihnen gerne Auskunft und werden gleichzeitig daran erinnert, dass diese Seite noch dringend mit Inhalten versehen [&hellip;]\" \/>\n<meta property=\"og:url\" content=\"https:\/\/anywhere.academy\/en\/coming-soon\/\" \/>\n<meta property=\"og:site_name\" content=\"Anywhere Academy\" \/>\n<meta property=\"article:modified_time\" content=\"2025-03-25T12:03:21+00:00\" \/>\n<meta name=\"twitter:card\" content=\"summary_large_image\" \/>\n<script type=\"application\/ld+json\" class=\"yoast-schema-graph\">{\"@context\":\"https:\\\/\\\/schema.org\",\"@graph\":[{\"@type\":\"WebPage\",\"@id\":\"https:\\\/\\\/anywhere.academy\\\/coming-soon\\\/\",\"url\":\"https:\\\/\\\/anywhere.academy\\\/coming-soon\\\/\",\"name\":\"Coming Soon - Anywhere Academy\",\"isPartOf\":{\"@id\":\"https:\\\/\\\/anywhere.academy\\\/#website\"},\"primaryImageOfPage\":{\"@id\":\"https:\\\/\\\/anywhere.academy\\\/coming-soon\\\/#primaryimage\"},\"image\":{\"@id\":\"https:\\\/\\\/anywhere.academy\\\/coming-soon\\\/#primaryimage\"},\"thumbnailUrl\":\"https:\\\/\\\/anywhere.academy\\\/wp-content\\\/uploads\\\/2025\\\/03\\\/undraw_under-construction_c2y1-1.svg\",\"datePublished\":\"2025-02-26T08:45:27+00:00\",\"dateModified\":\"2025-03-25T12:03:21+00:00\",\"breadcrumb\":{\"@id\":\"https:\\\/\\\/anywhere.academy\\\/coming-soon\\\/#breadcrumb\"},\"inLanguage\":\"en-GB\",\"potentialAction\":[{\"@type\":\"ReadAction\",\"target\":[\"https:\\\/\\\/anywhere.academy\\\/coming-soon\\\/\"]}]},{\"@type\":\"ImageObject\",\"inLanguage\":\"en-GB\",\"@id\":\"https:\\\/\\\/anywhere.academy\\\/coming-soon\\\/#primaryimage\",\"url\":\"https:\\\/\\\/anywhere.academy\\\/wp-content\\\/uploads\\\/2025\\\/03\\\/undraw_under-construction_c2y1-1.svg\",\"contentUrl\":\"https:\\\/\\\/anywhere.academy\\\/wp-content\\\/uploads\\\/2025\\\/03\\\/undraw_under-construction_c2y1-1.svg\"},{\"@type\":\"BreadcrumbList\",\"@id\":\"https:\\\/\\\/anywhere.academy\\\/coming-soon\\\/#breadcrumb\",\"itemListElement\":[{\"@type\":\"ListItem\",\"position\":1,\"name\":\"Startseite\",\"item\":\"https:\\\/\\\/anywhere.academy\\\/\"},{\"@type\":\"ListItem\",\"position\":2,\"name\":\"Coming Soon\"}]},{\"@type\":\"WebSite\",\"@id\":\"https:\\\/\\\/anywhere.academy\\\/#website\",\"url\":\"https:\\\/\\\/anywhere.academy\\\/\",\"name\":\"Anywhere Academy\",\"description\":\"Avatar-Based Teaching and Learning in VR\",\"publisher\":{\"@id\":\"https:\\\/\\\/anywhere.academy\\\/#organization\"},\"potentialAction\":[{\"@type\":\"SearchAction\",\"target\":{\"@type\":\"EntryPoint\",\"urlTemplate\":\"https:\\\/\\\/anywhere.academy\\\/?s={search_term_string}\"},\"query-input\":{\"@type\":\"PropertyValueSpecification\",\"valueRequired\":true,\"valueName\":\"search_term_string\"}}],\"inLanguage\":\"en-GB\"},{\"@type\":\"Organization\",\"@id\":\"https:\\\/\\\/anywhere.academy\\\/#organization\",\"name\":\"Anywhere Academy\",\"url\":\"https:\\\/\\\/anywhere.academy\\\/\",\"logo\":{\"@type\":\"ImageObject\",\"inLanguage\":\"en-GB\",\"@id\":\"https:\\\/\\\/anywhere.academy\\\/#\\\/schema\\\/logo\\\/image\\\/\",\"url\":\"https:\\\/\\\/anywhere.academy\\\/wp-content\\\/uploads\\\/2025\\\/02\\\/AA-Logo-And-Name-Horizontal-Colour.svg\",\"contentUrl\":\"https:\\\/\\\/anywhere.academy\\\/wp-content\\\/uploads\\\/2025\\\/02\\\/AA-Logo-And-Name-Horizontal-Colour.svg\",\"width\":6051,\"height\":1907,\"caption\":\"Anywhere Academy\"},\"image\":{\"@id\":\"https:\\\/\\\/anywhere.academy\\\/#\\\/schema\\\/logo\\\/image\\\/\"},\"sameAs\":[\"https:\\\/\\\/www.instagram.com\\\/hydrology_rwth\\\/\"]}]}<\/script>\n<!-- \/ Yoast SEO plugin. -->","yoast_head_json":{"title":"Coming Soon - Anywhere Academy","robots":{"index":"index","follow":"follow","max-snippet":"max-snippet:-1","max-image-preview":"max-image-preview:large","max-video-preview":"max-video-preview:-1"},"canonical":"https:\/\/anywhere.academy\/en\/coming-soon\/","og_locale":"en_GB","og_type":"article","og_title":"Coming Soon - Anywhere Academy","og_description":"Kommt bald! Au Banan! Sie haben eine Seite gefunden, die wir noch nicht mit Inhalt f\u00fcllen konnten. Daf\u00fcr entschuldigen wir uns und versichern Ihnen, dass wir das schleunigst \u00e4ndern wollen. Schreiben Sie uns doch, wenn Sie m\u00f6chten. Wir geben Ihnen gerne Auskunft und werden gleichzeitig daran erinnert, dass diese Seite noch dringend mit Inhalten versehen [&hellip;]","og_url":"https:\/\/anywhere.academy\/en\/coming-soon\/","og_site_name":"Anywhere Academy","article_modified_time":"2025-03-25T12:03:21+00:00","twitter_card":"summary_large_image","schema":{"@context":"https:\/\/schema.org","@graph":[{"@type":"WebPage","@id":"https:\/\/anywhere.academy\/coming-soon\/","url":"https:\/\/anywhere.academy\/coming-soon\/","name":"Coming Soon - Anywhere Academy","isPartOf":{"@id":"https:\/\/anywhere.academy\/#website"},"primaryImageOfPage":{"@id":"https:\/\/anywhere.academy\/coming-soon\/#primaryimage"},"image":{"@id":"https:\/\/anywhere.academy\/coming-soon\/#primaryimage"},"thumbnailUrl":"https:\/\/anywhere.academy\/wp-content\/uploads\/2025\/03\/undraw_under-construction_c2y1-1.svg","datePublished":"2025-02-26T08:45:27+00:00","dateModified":"2025-03-25T12:03:21+00:00","breadcrumb":{"@id":"https:\/\/anywhere.academy\/coming-soon\/#breadcrumb"},"inLanguage":"en-GB","potentialAction":[{"@type":"ReadAction","target":["https:\/\/anywhere.academy\/coming-soon\/"]}]},{"@type":"ImageObject","inLanguage":"en-GB","@id":"https:\/\/anywhere.academy\/coming-soon\/#primaryimage","url":"https:\/\/anywhere.academy\/wp-content\/uploads\/2025\/03\/undraw_under-construction_c2y1-1.svg","contentUrl":"https:\/\/anywhere.academy\/wp-content\/uploads\/2025\/03\/undraw_under-construction_c2y1-1.svg"},{"@type":"BreadcrumbList","@id":"https:\/\/anywhere.academy\/coming-soon\/#breadcrumb","itemListElement":[{"@type":"ListItem","position":1,"name":"Startseite","item":"https:\/\/anywhere.academy\/"},{"@type":"ListItem","position":2,"name":"Coming Soon"}]},{"@type":"WebSite","@id":"https:\/\/anywhere.academy\/#website","url":"https:\/\/anywhere.academy\/","name":"Anywhere Academy","description":"Avatar-Based Teaching and Learning in VR","publisher":{"@id":"https:\/\/anywhere.academy\/#organization"},"potentialAction":[{"@type":"SearchAction","target":{"@type":"EntryPoint","urlTemplate":"https:\/\/anywhere.academy\/?s={search_term_string}"},"query-input":{"@type":"PropertyValueSpecification","valueRequired":true,"valueName":"search_term_string"}}],"inLanguage":"en-GB"},{"@type":"Organization","@id":"https:\/\/anywhere.academy\/#organization","name":"Anywhere Academy","url":"https:\/\/anywhere.academy\/","logo":{"@type":"ImageObject","inLanguage":"en-GB","@id":"https:\/\/anywhere.academy\/#\/schema\/logo\/image\/","url":"https:\/\/anywhere.academy\/wp-content\/uploads\/2025\/02\/AA-Logo-And-Name-Horizontal-Colour.svg","contentUrl":"https:\/\/anywhere.academy\/wp-content\/uploads\/2025\/02\/AA-Logo-And-Name-Horizontal-Colour.svg","width":6051,"height":1907,"caption":"Anywhere Academy"},"image":{"@id":"https:\/\/anywhere.academy\/#\/schema\/logo\/image\/"},"sameAs":["https:\/\/www.instagram.com\/hydrology_rwth\/"]}]}},"_links":{"self":[{"href":"https:\/\/anywhere.academy\/en\/wp-json\/wp\/v2\/pages\/313","targetHints":{"allow":["GET"]}}],"collection":[{"href":"https:\/\/anywhere.academy\/en\/wp-json\/wp\/v2\/pages"}],"about":[{"href":"https:\/\/anywhere.academy\/en\/wp-json\/wp\/v2\/types\/page"}],"author":[{"embeddable":true,"href":"https:\/\/anywhere.academy\/en\/wp-json\/wp\/v2\/users\/1"}],"replies":[{"embeddable":true,"href":"https:\/\/anywhere.academy\/en\/wp-json\/wp\/v2\/comments?post=313"}],"version-history":[{"count":0,"href":"https:\/\/anywhere.academy\/en\/wp-json\/wp\/v2\/pages\/313\/revisions"}],"wp:attachment":[{"href":"https:\/\/anywhere.academy\/en\/wp-json\/wp\/v2\/media?parent=313"}],"curies":[{"name":"wp","href":"https:\/\/api.w.org\/{rel}","templated":true}]}}