{"id":565,"date":"2025-03-05T10:54:24","date_gmt":"2025-03-05T09:54:24","guid":{"rendered":"https:\/\/anywhere.academy\/?page_id=565"},"modified":"2025-03-25T14:30:16","modified_gmt":"2025-03-25T13:30:16","slug":"impressum","status":"publish","type":"page","link":"https:\/\/anywhere.academy\/en\/impressum\/","title":{"rendered":"Imprint"},"content":{"rendered":"<style>.elementor-565 .elementor-element.elementor-element-54036ab6{--display:flex;--flex-direction:row;--container-widget-width:calc( ( 1 - var( --container-widget-flex-grow ) ) * 100% );--container-widget-height:100%;--container-widget-flex-grow:1;--container-widget-align-self:stretch;--flex-wrap-mobile:wrap;--justify-content:center;--align-items:center;--margin-top:50px;--margin-bottom:50px;--margin-left:0px;--margin-right:0px;--padding-top:0px;--padding-bottom:0px;--padding-left:0px;--padding-right:0px;}.elementor-565 .elementor-element.elementor-element-6a813639{--display:flex;--justify-content:center;}.elementor-565 .elementor-element.elementor-element-201359a5{text-align:center;}.elementor-565 .elementor-element.elementor-element-201359a5 .elementor-heading-title{font-family:var( --e-global-typography-primary-font-family ), Sans-serif;font-size:var( --e-global-typography-primary-font-size );font-weight:var( --e-global-typography-primary-font-weight );text-transform:var( --e-global-typography-primary-text-transform );text-decoration:var( --e-global-typography-primary-text-decoration );line-height:var( --e-global-typography-primary-line-height );color:var( --e-global-color-165093e );}.elementor-565 .elementor-element.elementor-element-bd8ced5{--display:flex;--flex-direction:column;--container-widget-width:100%;--container-widget-height:initial;--container-widget-flex-grow:0;--container-widget-align-self:initial;--flex-wrap-mobile:wrap;}:root{--page-title-display:none;}@media(min-width:768px){.elementor-565 .elementor-element.elementor-element-54036ab6{--content-width:1290px;}.elementor-565 .elementor-element.elementor-element-bd8ced5{--content-width:1290px;}}@media(max-width:1024px){.elementor-565 .elementor-element.elementor-element-201359a5 .elementor-heading-title{font-size:var( --e-global-typography-primary-font-size );line-height:var( --e-global-typography-primary-line-height );}}@media(max-width:767px){.elementor-565 .elementor-element.elementor-element-201359a5 .elementor-heading-title{font-size:var( --e-global-typography-primary-font-size );line-height:var( --e-global-typography-primary-line-height );}}<\/style>\t\t<div data-elementor-type=\"wp-page\" data-elementor-id=\"565\" class=\"elementor elementor-565\" data-elementor-post-type=\"page\">\n\t\t\t\t<div class=\"elementor-element elementor-element-54036ab6 e-flex e-con-boxed e-con e-parent\" data-id=\"54036ab6\" data-element_type=\"container\" data-settings=\"{&quot;jet_parallax_layout_list&quot;:[]}\">\n\t\t\t\t\t<div class=\"e-con-inner\">\n\t\t<div class=\"elementor-element elementor-element-6a813639 e-con-full e-flex e-con e-child\" data-id=\"6a813639\" data-element_type=\"container\" data-settings=\"{&quot;jet_parallax_layout_list&quot;:[]}\">\n\t\t\t\t<div class=\"elementor-element elementor-element-201359a5 elementor-widget elementor-widget-heading\" data-id=\"201359a5\" data-element_type=\"widget\" data-widget_type=\"heading.default\">\n\t\t\t\t<div class=\"elementor-widget-container\">\n\t\t\t\t\t<h2 class=\"elementor-heading-title elementor-size-default\">Imprint<\/h2>\t\t\t\t<\/div>\n\t\t\t\t<\/div>\n\t\t\t\t<\/div>\n\t\t\t\t\t<\/div>\n\t\t\t\t<\/div>\n\t\t<div class=\"elementor-element elementor-element-bd8ced5 e-flex e-con-boxed e-con e-parent\" data-id=\"bd8ced5\" data-element_type=\"container\" data-settings=\"{&quot;jet_parallax_layout_list&quot;:[]}\">\n\t\t\t\t\t<div class=\"e-con-inner\">\n\t\t\t\t<div class=\"elementor-element elementor-element-568f9de elementor-widget elementor-widget-text-editor\" data-id=\"568f9de\" data-element_type=\"widget\" data-widget_type=\"text-editor.default\">\n\t\t\t\t<div class=\"elementor-widget-container\">\n\t\t\t\t\t\t\t\t\t<div class=\"elementor-element elementor-element-263b0bd elementor-widget elementor-widget-heading\" data-id=\"263b0bd\" data-element_type=\"widget\" data-widget_type=\"heading.default\"><div class=\"elementor-widget-container\"><h2 class=\"elementor-heading-title elementor-size-default\">Publisher<\/h2><\/div><\/div><div class=\"elementor-element elementor-element-8c65a42 elementor-widget elementor-widget-text-editor\" data-id=\"8c65a42\" data-element_type=\"widget\" data-widget_type=\"text-editor.default\"><div class=\"elementor-widget-container\"><div class=\"elementor-text-editor elementor-clearfix\"><p>Academic and Research Department Engineering Hydrology<br \/>RWTH Aachen University<\/p><p>Mies-van-der-Rohe-Stra\u00dfe 17<br \/>52074 Aachen (address)<\/p><p>Phone:\u00a0<a href=\"http:\/\/tel:%20+49%20241%2080%2025279\/\">+49 241 80 25279<\/a><br \/>Fax: +49 241 80 22701<br \/>E-Mail:\u00a0<a href=\"mailto:it@rwth-aachen.de\">it@rwth-aachen.de<\/a><\/p><p>The Academic and Research Department Engineering Hydrology is a public-law corporation.<\/p><\/div><\/div><\/div><div class=\"elementor-element elementor-element-27745ef elementor-widget elementor-widget-heading\" data-id=\"27745ef\" data-element_type=\"widget\" data-widget_type=\"heading.default\"><div class=\"elementor-widget-container\"><h2 class=\"elementor-heading-title elementor-size-default\">Competent supervisory authority<\/h2><\/div><\/div><div class=\"elementor-element elementor-element-171bdfc elementor-widget elementor-widget-text-editor\" data-id=\"171bdfc\" data-element_type=\"widget\" data-widget_type=\"text-editor.default\"><div class=\"elementor-widget-container\"><div class=\"elementor-text-editor elementor-clearfix\"><p>Ministry of Culture and Science of North Rhine-Westphalia, V\u00f6lklinger Stra\u00dfe 49, 40221 D\u00fcsseldorf.<\/p><\/div><\/div><\/div><div class=\"elementor-element elementor-element-04b738a elementor-widget elementor-widget-heading\" data-id=\"04b738a\" data-element_type=\"widget\" data-widget_type=\"heading.default\"><div class=\"elementor-widget-container\"><h2 class=\"elementor-heading-title elementor-size-default\">VAT identification number<\/h2><\/div><\/div><div class=\"elementor-element elementor-element-7133d0b elementor-widget elementor-widget-text-editor\" data-id=\"7133d0b\" data-element_type=\"widget\" data-widget_type=\"text-editor.default\"><div class=\"elementor-widget-container\"><div class=\"elementor-text-editor elementor-clearfix\"><p>In accordance with Section 27a of the Value Added Tax Act: DE 121689807<\/p><\/div><\/div><\/div><div class=\"elementor-element elementor-element-196d83e elementor-widget elementor-widget-heading\" data-id=\"196d83e\" data-element_type=\"widget\" data-widget_type=\"heading.default\"><div class=\"elementor-widget-container\"><h2 class=\"elementor-heading-title elementor-size-default\">Responsibility for content<\/h2><\/div><\/div><div class=\"elementor-element elementor-element-b1cf4f8 elementor-widget elementor-widget-text-editor\" data-id=\"b1cf4f8\" data-element_type=\"widget\" data-widget_type=\"text-editor.default\"><div class=\"elementor-widget-container\"><div class=\"elementor-text-editor elementor-clearfix\"><p>Patrick Querl<br \/>Phone: +49 241 80 25295<br \/>E-Mail: <a href=\"mailto:vr@lfi.rwth-aachen.de\">vr@lfi.rwth-aachen.de<\/a><br \/>E-Mail IT-Department:\u00a0<a href=\"mailto:it@lfi.rwth-aachen.de\">it@lfi.rwth-aachen.de<\/a><\/p><\/div><\/div><\/div>\t\t\t\t\t\t\t\t<\/div>\n\t\t\t\t<\/div>\n\t\t\t\t\t<\/div>\n\t\t\t\t<\/div>\n\t\t\t\t<\/div>","protected":false},"excerpt":{"rendered":"<p>Impressum Herausgeber Lehr- und Forschungsgebiet IngenieurhydrologieRWTH Aachen University Mies-van-der-Rohe-Stra\u00dfe 1752074 Aachen (Hausanschrift) Telefon:\u00c3\u0192\u201d\u0161\u00c2\u00a0+49 241 80 25279Telefax: +49 241 80 22701E-Mail:\u00c3\u0192\u201d\u0161\u00c2\u00a0it@rwth-aachen.de Das Lehr- und Forschungsgebiet Ingenieurhydrologie ist eine K\u00f6rperschaft des \u00f6ffentlichen Rechts. Zust\u00e4ndige Aufsichtsbeh\u00f6rde Ministerium f\u00fcr Kultur und Wissenschaft des Landes Nordrhein Westfalen, V\u00f6lklinger Stra\u00dfe 49, 40221 D\u00fcsseldorf. Umsatzsteuer-Identifikationsnummer Gem\u00e4\u00df \u00c3\u0192\u201d\u0161\u00c2\u00a7 27 a Umsatzsteuergesetz: DE 121689807 [&hellip;]<\/p>","protected":false},"author":1,"featured_media":0,"parent":0,"menu_order":0,"comment_status":"closed","ping_status":"closed","template":"","meta":{"footnotes":""},"class_list":["post-565","page","type-page","status-publish","hentry"],"yoast_head":"<!-- This site is optimized with the Yoast SEO plugin v27.3 - https:\/\/yoast.com\/product\/yoast-seo-wordpress\/ -->\n<title>Impressum - Anywhere Academy<\/title>\n<meta name=\"robots\" content=\"index, follow, max-snippet:-1, max-image-preview:large, max-video-preview:-1\" \/>\n<link rel=\"canonical\" href=\"https:\/\/anywhere.academy\/en\/impressum\/\" \/>\n<meta property=\"og:locale\" content=\"en_GB\" \/>\n<meta property=\"og:type\" content=\"article\" \/>\n<meta property=\"og:title\" content=\"Impressum - Anywhere Academy\" \/>\n<meta property=\"og:description\" content=\"Impressum Herausgeber Lehr- und Forschungsgebiet IngenieurhydrologieRWTH Aachen University Mies-van-der-Rohe-Stra\u00dfe 1752074 Aachen (Hausanschrift) Telefon:\u00c3\u0192\u201d\u0161\u00c2\u00a0+49 241 80 25279Telefax: +49 241 80 22701E-Mail:\u00c3\u0192\u201d\u0161\u00c2\u00a0it@rwth-aachen.de Das Lehr- und Forschungsgebiet Ingenieurhydrologie ist eine K\u00f6rperschaft des \u00f6ffentlichen Rechts. Zust\u00e4ndige Aufsichtsbeh\u00f6rde Ministerium f\u00fcr Kultur und Wissenschaft des Landes Nordrhein Westfalen, V\u00f6lklinger Stra\u00dfe 49, 40221 D\u00fcsseldorf. Umsatzsteuer-Identifikationsnummer Gem\u00e4\u00df \u00c3\u0192\u201d\u0161\u00c2\u00a7 27 a Umsatzsteuergesetz: DE 121689807 [&hellip;]\" \/>\n<meta property=\"og:url\" content=\"https:\/\/anywhere.academy\/en\/impressum\/\" \/>\n<meta property=\"og:site_name\" content=\"Anywhere Academy\" \/>\n<meta property=\"article:modified_time\" content=\"2025-03-25T13:30:16+00:00\" \/>\n<meta name=\"twitter:card\" content=\"summary_large_image\" \/>\n<script type=\"application\/ld+json\" class=\"yoast-schema-graph\">{\"@context\":\"https:\\\/\\\/schema.org\",\"@graph\":[{\"@type\":\"WebPage\",\"@id\":\"https:\\\/\\\/anywhere.academy\\\/impressum\\\/\",\"url\":\"https:\\\/\\\/anywhere.academy\\\/impressum\\\/\",\"name\":\"Impressum - Anywhere Academy\",\"isPartOf\":{\"@id\":\"https:\\\/\\\/anywhere.academy\\\/#website\"},\"datePublished\":\"2025-03-05T09:54:24+00:00\",\"dateModified\":\"2025-03-25T13:30:16+00:00\",\"breadcrumb\":{\"@id\":\"https:\\\/\\\/anywhere.academy\\\/impressum\\\/#breadcrumb\"},\"inLanguage\":\"en-GB\",\"potentialAction\":[{\"@type\":\"ReadAction\",\"target\":[\"https:\\\/\\\/anywhere.academy\\\/impressum\\\/\"]}]},{\"@type\":\"BreadcrumbList\",\"@id\":\"https:\\\/\\\/anywhere.academy\\\/impressum\\\/#breadcrumb\",\"itemListElement\":[{\"@type\":\"ListItem\",\"position\":1,\"name\":\"Startseite\",\"item\":\"https:\\\/\\\/anywhere.academy\\\/\"},{\"@type\":\"ListItem\",\"position\":2,\"name\":\"Impressum\"}]},{\"@type\":\"WebSite\",\"@id\":\"https:\\\/\\\/anywhere.academy\\\/#website\",\"url\":\"https:\\\/\\\/anywhere.academy\\\/\",\"name\":\"Anywhere Academy\",\"description\":\"Avatar-Based Teaching and Learning in VR\",\"publisher\":{\"@id\":\"https:\\\/\\\/anywhere.academy\\\/#organization\"},\"potentialAction\":[{\"@type\":\"SearchAction\",\"target\":{\"@type\":\"EntryPoint\",\"urlTemplate\":\"https:\\\/\\\/anywhere.academy\\\/?s={search_term_string}\"},\"query-input\":{\"@type\":\"PropertyValueSpecification\",\"valueRequired\":true,\"valueName\":\"search_term_string\"}}],\"inLanguage\":\"en-GB\"},{\"@type\":\"Organization\",\"@id\":\"https:\\\/\\\/anywhere.academy\\\/#organization\",\"name\":\"Anywhere Academy\",\"url\":\"https:\\\/\\\/anywhere.academy\\\/\",\"logo\":{\"@type\":\"ImageObject\",\"inLanguage\":\"en-GB\",\"@id\":\"https:\\\/\\\/anywhere.academy\\\/#\\\/schema\\\/logo\\\/image\\\/\",\"url\":\"https:\\\/\\\/anywhere.academy\\\/wp-content\\\/uploads\\\/2025\\\/02\\\/AA-Logo-And-Name-Horizontal-Colour.svg\",\"contentUrl\":\"https:\\\/\\\/anywhere.academy\\\/wp-content\\\/uploads\\\/2025\\\/02\\\/AA-Logo-And-Name-Horizontal-Colour.svg\",\"width\":6051,\"height\":1907,\"caption\":\"Anywhere Academy\"},\"image\":{\"@id\":\"https:\\\/\\\/anywhere.academy\\\/#\\\/schema\\\/logo\\\/image\\\/\"},\"sameAs\":[\"https:\\\/\\\/www.instagram.com\\\/hydrology_rwth\\\/\"]}]}<\/script>\n<!-- \/ Yoast SEO plugin. -->","yoast_head_json":{"title":"Impressum - Anywhere Academy","robots":{"index":"index","follow":"follow","max-snippet":"max-snippet:-1","max-image-preview":"max-image-preview:large","max-video-preview":"max-video-preview:-1"},"canonical":"https:\/\/anywhere.academy\/en\/impressum\/","og_locale":"en_GB","og_type":"article","og_title":"Impressum - Anywhere Academy","og_description":"Impressum Herausgeber Lehr- und Forschungsgebiet IngenieurhydrologieRWTH Aachen University Mies-van-der-Rohe-Stra\u00dfe 1752074 Aachen (Hausanschrift) Telefon:\u00c3\u0192\u201d\u0161\u00c2\u00a0+49 241 80 25279Telefax: +49 241 80 22701E-Mail:\u00c3\u0192\u201d\u0161\u00c2\u00a0it@rwth-aachen.de Das Lehr- und Forschungsgebiet Ingenieurhydrologie ist eine K\u00f6rperschaft des \u00f6ffentlichen Rechts. Zust\u00e4ndige Aufsichtsbeh\u00f6rde Ministerium f\u00fcr Kultur und Wissenschaft des Landes Nordrhein Westfalen, V\u00f6lklinger Stra\u00dfe 49, 40221 D\u00fcsseldorf. Umsatzsteuer-Identifikationsnummer Gem\u00e4\u00df \u00c3\u0192\u201d\u0161\u00c2\u00a7 27 a Umsatzsteuergesetz: DE 121689807 [&hellip;]","og_url":"https:\/\/anywhere.academy\/en\/impressum\/","og_site_name":"Anywhere Academy","article_modified_time":"2025-03-25T13:30:16+00:00","twitter_card":"summary_large_image","schema":{"@context":"https:\/\/schema.org","@graph":[{"@type":"WebPage","@id":"https:\/\/anywhere.academy\/impressum\/","url":"https:\/\/anywhere.academy\/impressum\/","name":"Impressum - Anywhere Academy","isPartOf":{"@id":"https:\/\/anywhere.academy\/#website"},"datePublished":"2025-03-05T09:54:24+00:00","dateModified":"2025-03-25T13:30:16+00:00","breadcrumb":{"@id":"https:\/\/anywhere.academy\/impressum\/#breadcrumb"},"inLanguage":"en-GB","potentialAction":[{"@type":"ReadAction","target":["https:\/\/anywhere.academy\/impressum\/"]}]},{"@type":"BreadcrumbList","@id":"https:\/\/anywhere.academy\/impressum\/#breadcrumb","itemListElement":[{"@type":"ListItem","position":1,"name":"Startseite","item":"https:\/\/anywhere.academy\/"},{"@type":"ListItem","position":2,"name":"Impressum"}]},{"@type":"WebSite","@id":"https:\/\/anywhere.academy\/#website","url":"https:\/\/anywhere.academy\/","name":"Anywhere Academy","description":"Avatar-Based Teaching and Learning in VR","publisher":{"@id":"https:\/\/anywhere.academy\/#organization"},"potentialAction":[{"@type":"SearchAction","target":{"@type":"EntryPoint","urlTemplate":"https:\/\/anywhere.academy\/?s={search_term_string}"},"query-input":{"@type":"PropertyValueSpecification","valueRequired":true,"valueName":"search_term_string"}}],"inLanguage":"en-GB"},{"@type":"Organization","@id":"https:\/\/anywhere.academy\/#organization","name":"Anywhere Academy","url":"https:\/\/anywhere.academy\/","logo":{"@type":"ImageObject","inLanguage":"en-GB","@id":"https:\/\/anywhere.academy\/#\/schema\/logo\/image\/","url":"https:\/\/anywhere.academy\/wp-content\/uploads\/2025\/02\/AA-Logo-And-Name-Horizontal-Colour.svg","contentUrl":"https:\/\/anywhere.academy\/wp-content\/uploads\/2025\/02\/AA-Logo-And-Name-Horizontal-Colour.svg","width":6051,"height":1907,"caption":"Anywhere Academy"},"image":{"@id":"https:\/\/anywhere.academy\/#\/schema\/logo\/image\/"},"sameAs":["https:\/\/www.instagram.com\/hydrology_rwth\/"]}]}},"_links":{"self":[{"href":"https:\/\/anywhere.academy\/en\/wp-json\/wp\/v2\/pages\/565","targetHints":{"allow":["GET"]}}],"collection":[{"href":"https:\/\/anywhere.academy\/en\/wp-json\/wp\/v2\/pages"}],"about":[{"href":"https:\/\/anywhere.academy\/en\/wp-json\/wp\/v2\/types\/page"}],"author":[{"embeddable":true,"href":"https:\/\/anywhere.academy\/en\/wp-json\/wp\/v2\/users\/1"}],"replies":[{"embeddable":true,"href":"https:\/\/anywhere.academy\/en\/wp-json\/wp\/v2\/comments?post=565"}],"version-history":[{"count":0,"href":"https:\/\/anywhere.academy\/en\/wp-json\/wp\/v2\/pages\/565\/revisions"}],"wp:attachment":[{"href":"https:\/\/anywhere.academy\/en\/wp-json\/wp\/v2\/media?parent=565"}],"curies":[{"name":"wp","href":"https:\/\/api.w.org\/{rel}","templated":true}]}}