{"id":871,"date":"2025-03-25T13:29:36","date_gmt":"2025-03-25T12:29:36","guid":{"rendered":"https:\/\/anywhere.academy\/?page_id=871"},"modified":"2025-03-25T13:50:41","modified_gmt":"2025-03-25T12:50:41","slug":"conference-room","status":"publish","type":"page","link":"https:\/\/anywhere.academy\/en\/conference-room\/","title":{"rendered":"Conference Room"},"content":{"rendered":"<div data-elementor-type=\"wp-page\" data-elementor-id=\"871\" class=\"elementor elementor-871\" data-elementor-post-type=\"page\">\n\t\t\t\t<div class=\"elementor-element elementor-element-28f3581a e-flex e-con-boxed e-con e-parent\" data-id=\"28f3581a\" data-element_type=\"container\" data-settings=\"{&quot;jet_parallax_layout_list&quot;:[]}\">\n\t\t\t\t\t<div class=\"e-con-inner\">\n\t\t<div class=\"elementor-element elementor-element-250029de e-con-full e-flex e-con e-child\" data-id=\"250029de\" data-element_type=\"container\" data-settings=\"{&quot;jet_parallax_layout_list&quot;:[]}\">\n\t\t\t\t<\/div>\n\t\t\t\t\t<\/div>\n\t\t\t\t<\/div>\n\t\t<div class=\"elementor-element elementor-element-78d0eaa8 e-flex e-con-boxed e-con e-parent\" data-id=\"78d0eaa8\" data-element_type=\"container\" data-settings=\"{&quot;jet_parallax_layout_list&quot;:[]}\">\n\t\t\t\t\t<div class=\"e-con-inner\">\n\t\t<div class=\"elementor-element elementor-element-7eaf47dc e-flex e-con-boxed e-con e-child\" data-id=\"7eaf47dc\" data-element_type=\"container\" data-settings=\"{&quot;background_background&quot;:&quot;classic&quot;,&quot;jet_parallax_layout_list&quot;:[]}\">\n\t\t\t\t\t<div class=\"e-con-inner\">\n\t\t\t\t<div class=\"elementor-element elementor-element-4525e474 elementor-widget elementor-widget-spacer\" data-id=\"4525e474\" data-element_type=\"widget\" data-widget_type=\"spacer.default\">\n\t\t\t\t<div class=\"elementor-widget-container\">\n\t\t\t\t\t\t\t<div class=\"elementor-spacer\">\n\t\t\t<div class=\"elementor-spacer-inner\"><\/div>\n\t\t<\/div>\n\t\t\t\t\t\t<\/div>\n\t\t\t\t<\/div>\n\t\t\t\t\t<\/div>\n\t\t\t\t<\/div>\n\t\t<div class=\"elementor-element elementor-element-1d804ea8 e-flex e-con-boxed e-con e-child\" data-id=\"1d804ea8\" data-element_type=\"container\" data-settings=\"{&quot;jet_parallax_layout_list&quot;:[]}\">\n\t\t\t\t\t<div class=\"e-con-inner\">\n\t\t<div class=\"elementor-element elementor-element-7e866f85 e-con-full e-flex e-con e-child\" data-id=\"7e866f85\" data-element_type=\"container\" data-settings=\"{&quot;jet_parallax_layout_list&quot;:[]}\">\n\t\t<div class=\"elementor-element elementor-element-1bab867b e-con-full e-flex e-con e-child\" data-id=\"1bab867b\" data-element_type=\"container\" data-settings=\"{&quot;jet_parallax_layout_list&quot;:[]}\">\n\t\t\t\t<div class=\"elementor-element elementor-element-358d5bee elementor-widget elementor-widget-heading\" data-id=\"358d5bee\" data-element_type=\"widget\" data-widget_type=\"heading.default\">\n\t\t\t\t<div class=\"elementor-widget-container\">\n\t\t\t\t\t<h2 class=\"elementor-heading-title elementor-size-default\">The Design<\/h2>\t\t\t\t<\/div>\n\t\t\t\t<\/div>\n\t\t\t\t<div class=\"elementor-element elementor-element-104ca9a7 elementor-widget elementor-widget-text-editor\" data-id=\"104ca9a7\" data-element_type=\"widget\" data-widget_type=\"text-editor.default\">\n\t\t\t\t<div class=\"elementor-widget-container\">\n\t\t\t\t\t\t\t\t\t<p>Users who enter the conference room first arrive in the cosily designed hangout zone. There, they can familiarise themselves with the virtual environment without being immediately confronted with a task. At the same time, the relaxed atmosphere allows for informal initial contact with the other participants in the session. The aim is to create a fundamentally positive and relaxed social space.<\/p><p>Simple interactions with the virtual world can be tested using the existing coffee machine. In later updates, the Hangout Zone will be expanded with additional features to make the experience even more interactive.<\/p>\t\t\t\t\t\t\t\t<\/div>\n\t\t\t\t<\/div>\n\t\t\t\t<div class=\"elementor-element elementor-element-b96c35f elementor-widget elementor-widget-image\" data-id=\"b96c35f\" data-element_type=\"widget\" data-widget_type=\"image.default\">\n\t\t\t\t<div class=\"elementor-widget-container\">\n\t\t\t\t\t\t\t\t\t\t\t\t\t\t\t<img fetchpriority=\"high\" decoding=\"async\" width=\"1280\" height=\"720\" src=\"https:\/\/anywhere.academy\/wp-content\/uploads\/2025\/03\/ConferenceCube_inGame_2.jpg\" class=\"attachment-full size-full wp-image-822\" alt=\"\" srcset=\"https:\/\/anywhere.academy\/wp-content\/uploads\/2025\/03\/ConferenceCube_inGame_2.jpg 1280w, https:\/\/anywhere.academy\/wp-content\/uploads\/2025\/03\/ConferenceCube_inGame_2-300x169.jpg 300w, https:\/\/anywhere.academy\/wp-content\/uploads\/2025\/03\/ConferenceCube_inGame_2-1024x576.jpg 1024w, https:\/\/anywhere.academy\/wp-content\/uploads\/2025\/03\/ConferenceCube_inGame_2-768x432.jpg 768w, https:\/\/anywhere.academy\/wp-content\/uploads\/2025\/03\/elementor\/thumbs\/ConferenceCube_inGame_2-r3c72ni7ji6ouvarxstfnu5ione32nafuiuzrlafve.jpg 14w\" sizes=\"(max-width: 1280px) 100vw, 1280px\" \/>\t\t\t\t\t\t\t\t\t\t\t\t\t\t\t<\/div>\n\t\t\t\t<\/div>\n\t\t\t\t<div class=\"elementor-element elementor-element-18b39b7 elementor-widget elementor-widget-text-editor\" data-id=\"18b39b7\" data-element_type=\"widget\" data-widget_type=\"text-editor.default\">\n\t\t\t\t<div class=\"elementor-widget-container\">\n\t\t\t\t\t\t\t\t\t<p>Once participants have familiarised themselves with their surroundings and each other, they can enter the workspace. There they will find a large conference table with up to 10 workstations that can be used for collaboration. This part of the scenario is designed to be much more neutral in order to avoid distractions and promote productive work. The chairs are usable and can be used to enable the use of VR while seated without disturbing the sense of presence (e.g. due to unusual avatar postures). This can help to prevent motion sickness and therefore enable longer stays in VR for effective collaboration.<\/p>\t\t\t\t\t\t\t\t<\/div>\n\t\t\t\t<\/div>\n\t\t\t\t<div class=\"elementor-element elementor-element-db94241 elementor-widget elementor-widget-image\" data-id=\"db94241\" data-element_type=\"widget\" data-widget_type=\"image.default\">\n\t\t\t\t<div class=\"elementor-widget-container\">\n\t\t\t\t\t\t\t\t\t\t\t\t\t\t\t<img decoding=\"async\" width=\"1280\" height=\"720\" src=\"https:\/\/anywhere.academy\/wp-content\/uploads\/2025\/03\/ConferenceCube_inGame_1.jpg\" class=\"attachment-full size-full wp-image-821\" alt=\"\" srcset=\"https:\/\/anywhere.academy\/wp-content\/uploads\/2025\/03\/ConferenceCube_inGame_1.jpg 1280w, https:\/\/anywhere.academy\/wp-content\/uploads\/2025\/03\/ConferenceCube_inGame_1-300x169.jpg 300w, https:\/\/anywhere.academy\/wp-content\/uploads\/2025\/03\/ConferenceCube_inGame_1-1024x576.jpg 1024w, https:\/\/anywhere.academy\/wp-content\/uploads\/2025\/03\/ConferenceCube_inGame_1-768x432.jpg 768w\" sizes=\"(max-width: 1280px) 100vw, 1280px\" \/>\t\t\t\t\t\t\t\t\t\t\t\t\t\t\t<\/div>\n\t\t\t\t<\/div>\n\t\t\t\t<div class=\"elementor-element elementor-element-827d408 elementor-widget elementor-widget-text-editor\" data-id=\"827d408\" data-element_type=\"widget\" data-widget_type=\"text-editor.default\">\n\t\t\t\t<div class=\"elementor-widget-container\">\n\t\t\t\t\t\t\t\t\t<p>The implementation of several productivity tools for collaborative work will offer exciting opportunities for cooperation in upcoming updates. Among other things, plans include a split screen for sharing browser content, as well as synchronised drawing tools and more.<\/p>\t\t\t\t\t\t\t\t<\/div>\n\t\t\t\t<\/div>\n\t\t\t\t<\/div>\n\t\t\t\t<\/div>\n\t\t<div class=\"elementor-element elementor-element-6e172ea1 e-con-full e-flex e-con e-child\" data-id=\"6e172ea1\" data-element_type=\"container\" data-settings=\"{&quot;jet_parallax_layout_list&quot;:[]}\">\n\t\t<div class=\"elementor-element elementor-element-6245da9f e-con-full jkit-sticky-element--enabled e-flex jkit-sticky-element-on--down jkit-sticky-position--sticky e-con e-child\" data-id=\"6245da9f\" data-element_type=\"container\" data-settings=\"{&quot;background_background&quot;:&quot;classic&quot;,&quot;jkit_sticky_top_position&quot;:{&quot;unit&quot;:&quot;px&quot;,&quot;size&quot;:150,&quot;sizes&quot;:[]},&quot;jkit_sticky_device&quot;:&quot;desktop&quot;,&quot;jet_parallax_layout_list&quot;:[]}\">\n\t\t\t\t<div class=\"elementor-element elementor-element-7e4ea1ec elementor-widget elementor-widget-jkit_heading\" data-id=\"7e4ea1ec\" data-element_type=\"widget\" data-widget_type=\"jkit_heading.default\">\n\t\t\t\t<div class=\"elementor-widget-container\">\n\t\t\t\t\t<div  class=\"jeg-elementor-kit jkit-heading  align- align-tablet- align-mobile- jeg_module___69ee56e31b0a2\" ><h3 class=\"heading-section-subtitle  style-color\">Concept<\/h3><div class=\"heading-section-title  display-inline-block\"><h2 class=\"heading-title\"><span class=\"style-color\"><span>LFI, RWTH Aachen University<\/span><\/span><\/h2><\/div><div class=\"heading-section-description\"><p><a href=\"https:\/\/lfi.rwth-aachen.de\/\" target=\"_blank\" rel=\"noopener\">Website<\/a><\/p><\/div><\/div>\t\t\t\t<\/div>\n\t\t\t\t<\/div>\n\t\t\t\t<div class=\"elementor-element elementor-element-1f4319b elementor-widget elementor-widget-jkit_heading\" data-id=\"1f4319b\" data-element_type=\"widget\" data-widget_type=\"jkit_heading.default\">\n\t\t\t\t<div class=\"elementor-widget-container\">\n\t\t\t\t\t<div  class=\"jeg-elementor-kit jkit-heading  align- align-tablet- align-mobile- jeg_module__1_69ee56e31c08b\" ><h3 class=\"heading-section-subtitle  style-color\">Recommended Users<\/h3><div class=\"heading-section-title  display-inline-block\"><h2 class=\"heading-title\"><span class=\"style-color\"><span>2-10<\/span><\/span><\/h2><\/div><\/div>\t\t\t\t<\/div>\n\t\t\t\t<\/div>\n\t\t\t\t<div class=\"elementor-element elementor-element-37236c28 elementor-widget elementor-widget-jkit_heading\" data-id=\"37236c28\" data-element_type=\"widget\" data-widget_type=\"jkit_heading.default\">\n\t\t\t\t<div class=\"elementor-widget-container\">\n\t\t\t\t\t<div  class=\"jeg-elementor-kit jkit-heading  align- align-tablet- align-mobile- jeg_module__2_69ee56e31cebb\" ><h3 class=\"heading-section-subtitle  style-color\">Keywords<\/h3><div class=\"heading-section-title  display-inline-block\"><h2 class=\"heading-title\"><span class=\"style-color\"><span>Social VR, productivity<\/span><\/span><\/h2><\/div><\/div>\t\t\t\t<\/div>\n\t\t\t\t<\/div>\n\t\t\t\t<div class=\"elementor-element elementor-element-739b02aa elementor-widget elementor-widget-jkit_heading\" data-id=\"739b02aa\" data-element_type=\"widget\" data-widget_type=\"jkit_heading.default\">\n\t\t\t\t<div class=\"elementor-widget-container\">\n\t\t\t\t\t<div  class=\"jeg-elementor-kit jkit-heading  align- align-tablet- align-mobile- jeg_module__3_69ee56e31dcaf\" ><h3 class=\"heading-section-subtitle  style-color\">Available in the browser?<\/h3><div class=\"heading-section-title  display-inline-block\"><h2 class=\"heading-title\"><span class=\"style-color\"><span>Yes<\/span><\/span><\/h2><\/div><\/div>\t\t\t\t<\/div>\n\t\t\t\t<\/div>\n\t\t\t\t<\/div>\n\t\t\t\t<\/div>\n\t\t\t\t\t<\/div>\n\t\t\t\t<\/div>\n\t\t\t\t\t<\/div>\n\t\t\t\t<\/div>\n\t\t<div class=\"elementor-element elementor-element-413711b e-flex e-con-boxed e-con e-parent\" data-id=\"413711b\" data-element_type=\"container\" data-settings=\"{&quot;jet_parallax_layout_list&quot;:[]}\">\n\t\t\t\t\t<div class=\"e-con-inner\">\n\t\t<div class=\"elementor-element elementor-element-267d8e3 e-con-full e-flex e-con e-child\" data-id=\"267d8e3\" data-element_type=\"container\" data-settings=\"{&quot;jet_parallax_layout_list&quot;:[]}\">\n\t\t\t\t<div class=\"elementor-element elementor-element-88d5432 elementor-widget elementor-widget-button\" data-id=\"88d5432\" data-element_type=\"widget\" data-widget_type=\"button.default\">\n\t\t\t\t<div class=\"elementor-widget-container\">\n\t\t\t\t\t\t\t\t\t<div class=\"elementor-button-wrapper\">\n\t\t\t\t\t<a class=\"elementor-button elementor-button-link elementor-size-sm\" href=\"https:\/\/anywhere.academy\/en\/\">\n\t\t\t\t\t\t<span class=\"elementor-button-content-wrapper\">\n\t\t\t\t\t\t\t\t\t<span class=\"elementor-button-text\">Home<\/span>\n\t\t\t\t\t<\/span>\n\t\t\t\t\t<\/a>\n\t\t\t\t<\/div>\n\t\t\t\t\t\t\t\t<\/div>\n\t\t\t\t<\/div>\n\t\t\t\t<div class=\"elementor-element elementor-element-1e4747c elementor-widget elementor-widget-button\" data-id=\"1e4747c\" data-element_type=\"widget\" data-widget_type=\"button.default\">\n\t\t\t\t<div class=\"elementor-widget-container\">\n\t\t\t\t\t\t\t\t\t<div class=\"elementor-button-wrapper\">\n\t\t\t\t\t<a class=\"elementor-button elementor-button-link elementor-size-sm\" href=\"https:\/\/anywhere.academy\/en\/lernwelten\/\">\n\t\t\t\t\t\t<span class=\"elementor-button-content-wrapper\">\n\t\t\t\t\t\t\t\t\t<span class=\"elementor-button-text\">All Learning Worlds<\/span>\n\t\t\t\t\t<\/span>\n\t\t\t\t\t<\/a>\n\t\t\t\t<\/div>\n\t\t\t\t\t\t\t\t<\/div>\n\t\t\t\t<\/div>\n\t\t\t\t<\/div>\n\t\t\t\t<div class=\"elementor-element elementor-element-74439ba elementor-share-buttons--view-icon elementor-share-buttons--shape-circle elementor-share-buttons--align-right elementor-share-buttons--color-custom elementor-widget__width-initial elementor-share-buttons--skin-gradient elementor-grid-0 elementor-widget elementor-widget-share-buttons\" data-id=\"74439ba\" data-element_type=\"widget\" data-widget_type=\"share-buttons.default\">\n\t\t\t\t<div class=\"elementor-widget-container\">\n\t\t\t\t\t\t\t<div class=\"elementor-grid\" role=\"list\">\n\t\t\t\t\t\t\t\t<div class=\"elementor-grid-item\" role=\"listitem\">\n\t\t\t\t\t\t<div class=\"elementor-share-btn elementor-share-btn_linkedin\" role=\"button\" tabindex=\"0\" aria-label=\"Share on linkedin\" data-no-translation-aria-label=\"\">\n\t\t\t\t\t\t\t\t\t\t\t\t\t\t\t<span class=\"elementor-share-btn__icon\">\n\t\t\t\t\t\t\t\t<svg class=\"e-font-icon-svg e-fab-linkedin\" viewbox=\"0 0 448 512\" xmlns=\"http:\/\/www.w3.org\/2000\/svg\"><path d=\"M416 32H31.9C14.3 32 0 46.5 0 64.3v383.4C0 465.5 14.3 480 31.9 480H416c17.6 0 32-14.5 32-32.3V64.3c0-17.8-14.4-32.3-32-32.3zM135.4 416H69V202.2h66.5V416zm-33.2-243c-21.3 0-38.5-17.3-38.5-38.5S80.9 96 102.2 96c21.2 0 38.5 17.3 38.5 38.5 0 21.3-17.2 38.5-38.5 38.5zm282.1 243h-66.4V312c0-24.8-.5-56.7-34.5-56.7-34.6 0-39.9 27-39.9 54.9V416h-66.4V202.2h63.7v29.2h.9c8.9-16.8 30.6-34.5 62.9-34.5 67.2 0 79.7 44.3 79.7 101.9V416z\"><\/path><\/svg>\t\t\t\t\t\t\t<\/span>\n\t\t\t\t\t\t\t\t\t\t\t\t\t\t\t\t\t\t\t\t<\/div>\n\t\t\t\t\t<\/div>\n\t\t\t\t\t\t\t\t\t<div class=\"elementor-grid-item\" role=\"listitem\">\n\t\t\t\t\t\t<div class=\"elementor-share-btn elementor-share-btn_xing\" role=\"button\" tabindex=\"0\" aria-label=\"Share on xing\" data-no-translation-aria-label=\"\">\n\t\t\t\t\t\t\t\t\t\t\t\t\t\t\t<span class=\"elementor-share-btn__icon\">\n\t\t\t\t\t\t\t\t<svg class=\"e-font-icon-svg e-fab-xing\" viewbox=\"0 0 384 512\" xmlns=\"http:\/\/www.w3.org\/2000\/svg\"><path d=\"M162.7 210c-1.8 3.3-25.2 44.4-70.1 123.5-4.9 8.3-10.8 12.5-17.7 12.5H9.8c-7.7 0-12.1-7.5-8.5-14.4l69-121.3c.2 0 .2-.1 0-.3l-43.9-75.6c-4.3-7.8.3-14.1 8.5-14.1H100c7.3 0 13.3 4.1 18 12.2l44.7 77.5zM382.6 46.1l-144 253v.3L330.2 466c3.9 7.1.2 14.1-8.5 14.1h-65.2c-7.6 0-13.6-4-18-12.2l-92.4-168.5c3.3-5.8 51.5-90.8 144.8-255.2 4.6-8.1 10.4-12.2 17.5-12.2h65.7c8 0 12.3 6.7 8.5 14.1z\"><\/path><\/svg>\t\t\t\t\t\t\t<\/span>\n\t\t\t\t\t\t\t\t\t\t\t\t\t\t\t\t\t\t\t\t<\/div>\n\t\t\t\t\t<\/div>\n\t\t\t\t\t\t\t\t\t<div class=\"elementor-grid-item\" role=\"listitem\">\n\t\t\t\t\t\t<div class=\"elementor-share-btn elementor-share-btn_threads\" role=\"button\" tabindex=\"0\" aria-label=\"Share on threads\" data-no-translation-aria-label=\"\">\n\t\t\t\t\t\t\t\t\t\t\t\t\t\t\t<span class=\"elementor-share-btn__icon\">\n\t\t\t\t\t\t\t\t<svg class=\"e-font-icon-svg e-fab-threads\" viewbox=\"0 0 448 512\" xmlns=\"http:\/\/www.w3.org\/2000\/svg\"><path d=\"M331.5 235.7c2.2 .9 4.2 1.9 6.3 2.8c29.2 14.1 50.6 35.2 61.8 61.4c15.7 36.5 17.2 95.8-30.3 143.2c-36.2 36.2-80.3 52.5-142.6 53h-.3c-70.2-.5-124.1-24.1-160.4-70.2c-32.3-41-48.9-98.1-49.5-169.6V256v-.2C17 184.3 33.6 127.2 65.9 86.2C102.2 40.1 156.2 16.5 226.4 16h.3c70.3 .5 124.9 24 162.3 69.9c18.4 22.7 32 50 40.6 81.7l-40.4 10.8c-7.1-25.8-17.8-47.8-32.2-65.4c-29.2-35.8-73-54.2-130.5-54.6c-57 .5-100.1 18.8-128.2 54.4C72.1 146.1 58.5 194.3 58 256c.5 61.7 14.1 109.9 40.3 143.3c28 35.6 71.2 53.9 128.2 54.4c51.4-.4 85.4-12.6 113.7-40.9c32.3-32.2 31.7-71.8 21.4-95.9c-6.1-14.2-17.1-26-31.9-34.9c-3.7 26.9-11.8 48.3-24.7 64.8c-17.1 21.8-41.4 33.6-72.7 35.3c-23.6 1.3-46.3-4.4-63.9-16c-20.8-13.8-33-34.8-34.3-59.3c-2.5-48.3 35.7-83 95.2-86.4c21.1-1.2 40.9-.3 59.2 2.8c-2.4-14.8-7.3-26.6-14.6-35.2c-10-11.7-25.6-17.7-46.2-17.8H227c-16.6 0-39 4.6-53.3 26.3l-34.4-23.6c19.2-29.1 50.3-45.1 87.8-45.1h.8c62.6 .4 99.9 39.5 103.7 107.7l-.2 .2zm-156 68.8c1.3 25.1 28.4 36.8 54.6 35.3c25.6-1.4 54.6-11.4 59.5-73.2c-13.2-2.9-27.8-4.4-43.4-4.4c-4.8 0-9.6 .1-14.4 .4c-42.9 2.4-57.2 23.2-56.2 41.8l-.1 .1z\"><\/path><\/svg>\t\t\t\t\t\t\t<\/span>\n\t\t\t\t\t\t\t\t\t\t\t\t\t\t\t\t\t\t\t\t<\/div>\n\t\t\t\t\t<\/div>\n\t\t\t\t\t\t<\/div>\n\t\t\t\t\t\t<\/div>\n\t\t\t\t<\/div>\n\t\t\t\t\t<\/div>\n\t\t\t\t<\/div>\n\t\t\t\t<\/div>","protected":false},"excerpt":{"rendered":"<p>Das Design Nutzer*innen, die den Conference Room betreten, landen zun\u00e4chst in der eher gem\u00fctlich gestalteten Hangout-Zone. Dort k\u00f6nnen sie sich zun\u00e4chst mit der virtuellen Umgebung vertraut machen, ohne direkt mit einer Aufgabe konfrontiert zu werden. Gleichzeitig erm\u00f6glicht das lockere Umfeld einen zwanglosen ersten Kontakt mit den anderen Teilnehmenden der Session. Dadurch soll ein grunds\u00e4tzlich positiver [&hellip;]<\/p>","protected":false},"author":2,"featured_media":0,"parent":0,"menu_order":0,"comment_status":"closed","ping_status":"closed","template":"","meta":{"footnotes":""},"class_list":["post-871","page","type-page","status-publish","hentry"],"yoast_head":"<!-- This site is optimized with the Yoast SEO plugin v27.4 - https:\/\/yoast.com\/product\/yoast-seo-wordpress\/ -->\n<title>Conference Room - Anywhere Academy<\/title>\n<meta name=\"robots\" content=\"index, follow, max-snippet:-1, max-image-preview:large, max-video-preview:-1\" \/>\n<link rel=\"canonical\" href=\"https:\/\/anywhere.academy\/en\/conference-room\/\" \/>\n<meta property=\"og:locale\" content=\"en_GB\" \/>\n<meta property=\"og:type\" content=\"article\" \/>\n<meta property=\"og:title\" content=\"Conference Room - Anywhere Academy\" \/>\n<meta property=\"og:description\" content=\"Das Design Nutzer*innen, die den Conference Room betreten, landen zun\u00e4chst in der eher gem\u00fctlich gestalteten Hangout-Zone. Dort k\u00f6nnen sie sich zun\u00e4chst mit der virtuellen Umgebung vertraut machen, ohne direkt mit einer Aufgabe konfrontiert zu werden. Gleichzeitig erm\u00f6glicht das lockere Umfeld einen zwanglosen ersten Kontakt mit den anderen Teilnehmenden der Session. Dadurch soll ein grunds\u00e4tzlich positiver [&hellip;]\" \/>\n<meta property=\"og:url\" content=\"https:\/\/anywhere.academy\/en\/conference-room\/\" \/>\n<meta property=\"og:site_name\" content=\"Anywhere Academy\" \/>\n<meta property=\"article:modified_time\" content=\"2025-03-25T12:50:41+00:00\" \/>\n<meta property=\"og:image\" content=\"https:\/\/anywhere.academy\/wp-content\/uploads\/2025\/03\/ConferenceCube_inGame_2.jpg\" \/>\n\t<meta property=\"og:image:width\" content=\"1280\" \/>\n\t<meta property=\"og:image:height\" content=\"720\" \/>\n\t<meta property=\"og:image:type\" content=\"image\/jpeg\" \/>\n<meta name=\"twitter:card\" content=\"summary_large_image\" \/>\n<meta name=\"twitter:label1\" content=\"Estimated reading time\" \/>\n\t<meta name=\"twitter:data1\" content=\"1 minute\" \/>\n<script type=\"application\/ld+json\" class=\"yoast-schema-graph\">{\"@context\":\"https:\\\/\\\/schema.org\",\"@graph\":[{\"@type\":\"WebPage\",\"@id\":\"https:\\\/\\\/anywhere.academy\\\/conference-room\\\/\",\"url\":\"https:\\\/\\\/anywhere.academy\\\/conference-room\\\/\",\"name\":\"Conference Room - Anywhere Academy\",\"isPartOf\":{\"@id\":\"https:\\\/\\\/anywhere.academy\\\/#website\"},\"primaryImageOfPage\":{\"@id\":\"https:\\\/\\\/anywhere.academy\\\/conference-room\\\/#primaryimage\"},\"image\":{\"@id\":\"https:\\\/\\\/anywhere.academy\\\/conference-room\\\/#primaryimage\"},\"thumbnailUrl\":\"https:\\\/\\\/anywhere.academy\\\/wp-content\\\/uploads\\\/2025\\\/03\\\/ConferenceCube_inGame_2.jpg\",\"datePublished\":\"2025-03-25T12:29:36+00:00\",\"dateModified\":\"2025-03-25T12:50:41+00:00\",\"breadcrumb\":{\"@id\":\"https:\\\/\\\/anywhere.academy\\\/conference-room\\\/#breadcrumb\"},\"inLanguage\":\"en-GB\",\"potentialAction\":[{\"@type\":\"ReadAction\",\"target\":[\"https:\\\/\\\/anywhere.academy\\\/conference-room\\\/\"]}]},{\"@type\":\"ImageObject\",\"inLanguage\":\"en-GB\",\"@id\":\"https:\\\/\\\/anywhere.academy\\\/conference-room\\\/#primaryimage\",\"url\":\"https:\\\/\\\/anywhere.academy\\\/wp-content\\\/uploads\\\/2025\\\/03\\\/ConferenceCube_inGame_2.jpg\",\"contentUrl\":\"https:\\\/\\\/anywhere.academy\\\/wp-content\\\/uploads\\\/2025\\\/03\\\/ConferenceCube_inGame_2.jpg\"},{\"@type\":\"BreadcrumbList\",\"@id\":\"https:\\\/\\\/anywhere.academy\\\/conference-room\\\/#breadcrumb\",\"itemListElement\":[{\"@type\":\"ListItem\",\"position\":1,\"name\":\"Startseite\",\"item\":\"https:\\\/\\\/anywhere.academy\\\/\"},{\"@type\":\"ListItem\",\"position\":2,\"name\":\"Conference Room\"}]},{\"@type\":\"WebSite\",\"@id\":\"https:\\\/\\\/anywhere.academy\\\/#website\",\"url\":\"https:\\\/\\\/anywhere.academy\\\/\",\"name\":\"Anywhere Academy\",\"description\":\"Avatar-Based Teaching and Learning in VR\",\"publisher\":{\"@id\":\"https:\\\/\\\/anywhere.academy\\\/#organization\"},\"potentialAction\":[{\"@type\":\"SearchAction\",\"target\":{\"@type\":\"EntryPoint\",\"urlTemplate\":\"https:\\\/\\\/anywhere.academy\\\/?s={search_term_string}\"},\"query-input\":{\"@type\":\"PropertyValueSpecification\",\"valueRequired\":true,\"valueName\":\"search_term_string\"}}],\"inLanguage\":\"en-GB\"},{\"@type\":\"Organization\",\"@id\":\"https:\\\/\\\/anywhere.academy\\\/#organization\",\"name\":\"Anywhere Academy\",\"url\":\"https:\\\/\\\/anywhere.academy\\\/\",\"logo\":{\"@type\":\"ImageObject\",\"inLanguage\":\"en-GB\",\"@id\":\"https:\\\/\\\/anywhere.academy\\\/#\\\/schema\\\/logo\\\/image\\\/\",\"url\":\"https:\\\/\\\/anywhere.academy\\\/wp-content\\\/uploads\\\/2025\\\/02\\\/AA-Logo-And-Name-Horizontal-Colour.svg\",\"contentUrl\":\"https:\\\/\\\/anywhere.academy\\\/wp-content\\\/uploads\\\/2025\\\/02\\\/AA-Logo-And-Name-Horizontal-Colour.svg\",\"width\":6051,\"height\":1907,\"caption\":\"Anywhere Academy\"},\"image\":{\"@id\":\"https:\\\/\\\/anywhere.academy\\\/#\\\/schema\\\/logo\\\/image\\\/\"},\"sameAs\":[\"https:\\\/\\\/www.instagram.com\\\/hydrology_rwth\\\/\"]}]}<\/script>\n<!-- \/ Yoast SEO plugin. -->","yoast_head_json":{"title":"Conference Room - Anywhere Academy","robots":{"index":"index","follow":"follow","max-snippet":"max-snippet:-1","max-image-preview":"max-image-preview:large","max-video-preview":"max-video-preview:-1"},"canonical":"https:\/\/anywhere.academy\/en\/conference-room\/","og_locale":"en_GB","og_type":"article","og_title":"Conference Room - Anywhere Academy","og_description":"Das Design Nutzer*innen, die den Conference Room betreten, landen zun\u00e4chst in der eher gem\u00fctlich gestalteten Hangout-Zone. Dort k\u00f6nnen sie sich zun\u00e4chst mit der virtuellen Umgebung vertraut machen, ohne direkt mit einer Aufgabe konfrontiert zu werden. Gleichzeitig erm\u00f6glicht das lockere Umfeld einen zwanglosen ersten Kontakt mit den anderen Teilnehmenden der Session. Dadurch soll ein grunds\u00e4tzlich positiver [&hellip;]","og_url":"https:\/\/anywhere.academy\/en\/conference-room\/","og_site_name":"Anywhere Academy","article_modified_time":"2025-03-25T12:50:41+00:00","og_image":[{"width":1280,"height":720,"url":"https:\/\/anywhere.academy\/wp-content\/uploads\/2025\/03\/ConferenceCube_inGame_2.jpg","type":"image\/jpeg"}],"twitter_card":"summary_large_image","twitter_misc":{"Estimated reading time":"1 minute"},"schema":{"@context":"https:\/\/schema.org","@graph":[{"@type":"WebPage","@id":"https:\/\/anywhere.academy\/conference-room\/","url":"https:\/\/anywhere.academy\/conference-room\/","name":"Conference Room - Anywhere Academy","isPartOf":{"@id":"https:\/\/anywhere.academy\/#website"},"primaryImageOfPage":{"@id":"https:\/\/anywhere.academy\/conference-room\/#primaryimage"},"image":{"@id":"https:\/\/anywhere.academy\/conference-room\/#primaryimage"},"thumbnailUrl":"https:\/\/anywhere.academy\/wp-content\/uploads\/2025\/03\/ConferenceCube_inGame_2.jpg","datePublished":"2025-03-25T12:29:36+00:00","dateModified":"2025-03-25T12:50:41+00:00","breadcrumb":{"@id":"https:\/\/anywhere.academy\/conference-room\/#breadcrumb"},"inLanguage":"en-GB","potentialAction":[{"@type":"ReadAction","target":["https:\/\/anywhere.academy\/conference-room\/"]}]},{"@type":"ImageObject","inLanguage":"en-GB","@id":"https:\/\/anywhere.academy\/conference-room\/#primaryimage","url":"https:\/\/anywhere.academy\/wp-content\/uploads\/2025\/03\/ConferenceCube_inGame_2.jpg","contentUrl":"https:\/\/anywhere.academy\/wp-content\/uploads\/2025\/03\/ConferenceCube_inGame_2.jpg"},{"@type":"BreadcrumbList","@id":"https:\/\/anywhere.academy\/conference-room\/#breadcrumb","itemListElement":[{"@type":"ListItem","position":1,"name":"Startseite","item":"https:\/\/anywhere.academy\/"},{"@type":"ListItem","position":2,"name":"Conference Room"}]},{"@type":"WebSite","@id":"https:\/\/anywhere.academy\/#website","url":"https:\/\/anywhere.academy\/","name":"Anywhere Academy","description":"Avatar-Based Teaching and Learning in VR","publisher":{"@id":"https:\/\/anywhere.academy\/#organization"},"potentialAction":[{"@type":"SearchAction","target":{"@type":"EntryPoint","urlTemplate":"https:\/\/anywhere.academy\/?s={search_term_string}"},"query-input":{"@type":"PropertyValueSpecification","valueRequired":true,"valueName":"search_term_string"}}],"inLanguage":"en-GB"},{"@type":"Organization","@id":"https:\/\/anywhere.academy\/#organization","name":"Anywhere Academy","url":"https:\/\/anywhere.academy\/","logo":{"@type":"ImageObject","inLanguage":"en-GB","@id":"https:\/\/anywhere.academy\/#\/schema\/logo\/image\/","url":"https:\/\/anywhere.academy\/wp-content\/uploads\/2025\/02\/AA-Logo-And-Name-Horizontal-Colour.svg","contentUrl":"https:\/\/anywhere.academy\/wp-content\/uploads\/2025\/02\/AA-Logo-And-Name-Horizontal-Colour.svg","width":6051,"height":1907,"caption":"Anywhere Academy"},"image":{"@id":"https:\/\/anywhere.academy\/#\/schema\/logo\/image\/"},"sameAs":["https:\/\/www.instagram.com\/hydrology_rwth\/"]}]}},"_links":{"self":[{"href":"https:\/\/anywhere.academy\/en\/wp-json\/wp\/v2\/pages\/871","targetHints":{"allow":["GET"]}}],"collection":[{"href":"https:\/\/anywhere.academy\/en\/wp-json\/wp\/v2\/pages"}],"about":[{"href":"https:\/\/anywhere.academy\/en\/wp-json\/wp\/v2\/types\/page"}],"author":[{"embeddable":true,"href":"https:\/\/anywhere.academy\/en\/wp-json\/wp\/v2\/users\/2"}],"replies":[{"embeddable":true,"href":"https:\/\/anywhere.academy\/en\/wp-json\/wp\/v2\/comments?post=871"}],"version-history":[{"count":1,"href":"https:\/\/anywhere.academy\/en\/wp-json\/wp\/v2\/pages\/871\/revisions"}],"predecessor-version":[{"id":2104,"href":"https:\/\/anywhere.academy\/en\/wp-json\/wp\/v2\/pages\/871\/revisions\/2104"}],"wp:attachment":[{"href":"https:\/\/anywhere.academy\/en\/wp-json\/wp\/v2\/media?parent=871"}],"curies":[{"name":"wp","href":"https:\/\/api.w.org\/{rel}","templated":true}]}}